{"id":5619,"date":"2012-10-29T11:47:54","date_gmt":"2012-10-29T10:47:54","guid":{"rendered":"http:\/\/www.dreamsicilyvillas.com\/connections-between-sicily-and-its-islands\/"},"modified":"2017-09-27T09:27:50","modified_gmt":"2017-09-27T07:27:50","slug":"connections-between-sicily-and-its-islands","status":"publish","type":"page","link":"https:\/\/www.dreamsicilyvillas.com\/it\/connections-between-sicily-and-its-islands\/","title":{"rendered":"Collegamenti tra la Sicilia e le sue Isole"},"content":{"rendered":"<p><span style=\"color: #008080;\"><strong>COME RAGGIUNGERE LE ISOLE EOLIE<\/strong><\/span><\/p>\n<p>(Alicudi, Filicudi, Vulcano, Salina, Lipari, Panarea, Stromboli)<\/p>\n<p>Potete raggiungere le isole Eolie sia con Traghetti che con aliscafi che partono dalla Sicilia, da Napoli o da Reggio Calabria.<br \/> Gli orari aggiornati sono disponibili sugli siti Web delle compagnie marittime :<\/p>\n<p><strong>Traghetti da Milazzo e Napoli (passeggeri e macchine):<\/strong><br \/> <a href=\"http:\/\/www.siremar.it\" target=\"_blank\">SIREMAR<\/a> : Call Center: +39 081 4972999 o 091 7493315 (dall&#8217;Italia)<\/p>\n<p><strong>Aliscafi da Palermo, Cefalu&#8217;, Milazzo e Napoli (passeggeri solamente):<\/strong><br \/> <a href=\"http:\/\/www.usticalines.it\" target=\"_blank\">USTICA LINES<\/a>:\u00a0 +39 0923 873813<\/p>\n<p><strong>Da Milazzo<\/strong><br \/> Milazzo (sulla costa del mare Tirreno a 40 km ovest di Messina) \u00e8 il principale porto di partenza per le isole Eolie. Diversi traghetti e aliscafi partono giornalmente per le isole durante tutto l\u2019ann0 e si fermano in diverse isole. L\u2019attraversata per Salina dura 1.30 ora in aliscafo e 3.40 ire in traghetto . Per gli orari, vedere il sito Web di Ustica Lines<\/p>\n<p><strong>Da Palermo<\/strong><br \/> L\u2019attraversata da Palermo per le isole dura tra 3,5 a 4 ore.<\/p>\n<p><a href=\"http:\/\/www.usticalines.it\" target=\"_blank\">USTICA LINES<\/a><br \/> 2 corse al giorno dal 01 Giugno al 16 Settembre solamente<br \/> Partenza da Palermo alle 06.55 e le 14.00<br \/> Partenza da Salina alle 08.05 e le 16.55<\/p>\n<p>Luned\u00ec, Venerd\u00ec e Domenica, dal 01 gennaio al 31 Maggio e dal 17 Settembre al 31 Dicembre:<br \/> Partenza da Palermo 14.00<br \/> Partenza da Salina 08.15<\/p>\n<p><strong>Da Napoli<\/strong><br \/> <a href=\"http:\/\/www.snav.it\" target=\"_blank\">SNAV<\/a>: +39 081 4285555 (ufficio al porto di Napoli)\u00a0<br \/> Alsicafi (01 Giugno al 30 Settembre solamente)<br \/> Partenza da Napoli 14.30 Arrivo Salina 19.35<br \/> Partenza Salina 08.00 Arrivo Napoli 13.05<br \/> (fermate in 5 isole &#8211; Stromboli\/Panarea\/Salina\/ Lipari\/Vulcano)<br \/> <a href=\"http:\/\/www.usticalines.it\" target=\"_blank\">USTICA LINES<\/a>\u00a0 +39 0923 873813\u00a0<br \/> Aliscafi (Dal 29 Giugno al 30 Settembre)<br \/> Partenza Napoli 08.00 Arrivo Salina 13.15<br \/> Partenza Salina 15.45 Arrivo Napoli 21.00<br \/> <a href=\"http:\/\/www.siremar.it\" target=\"_blank\">SIREMAR<\/a>\u00a0 L\u2019attraversata si fa di notte con traghetti da Napoli a Salina generalmente i marted\u00ec e venerd\u00ec (controllare sul sito web).<\/p>\n<p><strong>Da Cefalu<\/strong><br \/> Aliscafi per passeggeri solamente (dal 15 Giugno al 30 Settembre)<\/p>\n<p><a href=\"http:\/\/www.usticalines.it\" target=\"_blank\">USTICA LINES<\/a><br \/> Partenza da Cefalu&#8217; 08.15 Arrivo Salina 11.00<br \/> Partenza Salina 16.55 Arrivo Cefalu&#8217; 20.00<\/p>\n<p><strong>Da Messina e Reggio Calabria<\/strong><br \/> Sia traghetti sia aliscafi partono per le isole tutti giorni e tutto l\u2019anno.<\/p>\n<p>NB Gli orari devono essere confermati in quanto possono subire cambiamenti secondo le condizioni climatiche.<\/p>\n<p>Le biglietterie si trovano: sulla panchina del porto di Palermo, sulla strada principale di fronte all\u2019entrata del porto di Milazzo, sui piazzali dei porti delle isole Eolie.<\/p>\n<p>Prenotazioni dei biglietti:<br \/> Non \u00e9 necessario prenotare in bassa e media stagione ma \u00e9 saggio prenotare I vostri biglietti da met\u00e0 Luglio alla fine di Agosto.<\/p>\n<p><span style=\"color: #008080;\"><strong>COME RAGGIUNGERE LE ISOLE EGADI<\/strong><\/span><\/p>\n<p>(Favignana, Levanzo e Marettimo)<\/p>\n<p><strong>Con il traghetto da Trapani<\/strong><br \/> Siremar esegue attraversate tutti giorni e tutto l\u2019anno con traghetti per l\u2019isola di Favignana (45 minuti circa)<\/p>\n<p><strong>Con aliscafi da Trapani<\/strong><br \/> Siremar e Ustica Lines eseguono diverse attraversate con aliscafi tutti giorni e tutto l\u2019anno per Favignana (20 minuti), Levanzo (20 minuti), and Marettimo (1 ora circa).<\/p>\n<p><a href=\"http:\/\/www.siremar.it\" target=\"_blank\">SIREMAR<\/a><br \/> Call Center: +39 081 4972999 o 091 7493315 (dall&#8217;Italia)<br \/> Biglietteria: sulla panchina del porto di Trapani.<\/p>\n<p><a href=\"http:\/\/www.usticalines.it\" target=\"_blank\">USTICA LINES<\/a><br \/> tel. +39 0923 873813<br \/> Biglietteria: Trapani, via Staiti 23 (La strada di fronte all\u2019entrata principale del porto).<\/p>\n<p>Prenotazioni biglietti<br \/> Non \u00e9 necessario prenotare in bassa e media stagione ma \u00e9 saggio prenotare I vostri biglietti da met\u00e0 Luglio alla fine di Agosto. Si puo prenotare direttamente presso le compagnie marittime.<\/p>\n<p><span style=\"color: #008080;\"><strong>COME RAGGIUNGERE PANTELLERIA<\/strong><\/span><\/p>\n<p><strong>In aereo<\/strong><\/p>\n<p><a href=\"http:\/\/www.meridiana.it\" target=\"_blank\">MERIDIANA<\/a>: +39 0789 52682\u00a0<br \/> -Voli giornalieri da Palermo a Pantelleria<br \/> Part. Palermo 14.35 arr. Pantelleria 15.15<br \/> Part. Pantelleria 16.05 arr. Palermo 16.45<\/p>\n<p><a href=\"http:\/\/www.flyairone.it\" target=\"_blank\">AIRONE<\/a><br \/> Offre diversi voli per Pantelleria da diversi aeroporti Italiani come Milano Linate e Roma Fiumicino, ci\u00f2 permette di combinare questo volo in corrispondenza con voli low-cost di compagnie Europee..<br \/> Ci sono anche 2 voli tutti giorni da Trapani che costano 40 euro andata semplice tasse incluse.<\/p>\n<p><strong>Con il traghetto da Trapani (passeggeri e macchine):<\/strong><\/p>\n<p>-da Trapani, tutti giorni e tutto l\u2019anno. L\u2019attraversata si fa di notte.<br \/> Trapani- Pantelleria: Partenza 23.59, Arrivo 06.45<br \/> Pantelleria-Trapani: Partenza 12.00, Arrivo 17.15.<\/p>\n<p><a href=\"http:\/\/www.siremar.it\" target=\"_blank\">SIREMAR<\/a> Call Center: +39 081 4972999 o 091 7493315 (dall&#8217;Italia)<br \/>\u00a0Biglietteria: sulla panchina del porto di Trapani.<\/p>\n<p><strong>Con aliscafo dalla Sicilia (passeggeri solamente):<\/strong><\/p>\n<p>da Trapani, tutti giorni dal 10 Giugno al 10 Ottobre.<br \/> Trapani- Pantelleria: Partenza 18.00, Arrivo 20.30<br \/> Pantelleria-Trapani: Partenza 08.30, Arrivo 11.00<\/p>\n<p>da Mazzara del Vallo Tutti giorni dal 01 Luglio al 31 Agosto.<br \/> Mazzara-Pantelleria: Partenza 08.15, Arrivo 10.00<br \/> Pantelleria Mazzara: Partenza 18.00, Arrivo 19.45<\/p>\n<p><a href=\"http:\/\/www.usticalines.it\" target=\"_blank\">USTICA LINES <\/a>+39 0923 873813<br \/> Biglietteria, via Staiti 23 (la strada di fronte all\u2019entrata principale del porto di Trapani).<\/p>\n<p>Prenotazione dei biglietti<br \/> Non \u00e9 necessario prenotare in bassa e media stagione ma \u00e9 saggio prenotare I vostri biglietti da met\u00e0 Luglio alla fine di Agosto. Si puo prenotare direttamente presso le compagnie marittime.<br \/> NB Gli orari devono essere confermati in quanto possono subire cambiamenti secondo le condizioni climatiche<\/p>\n","protected":false},"excerpt":{"rendered":"<p>Tutte le informazioni su come raggiungere le isole Eolie, Egadi, Pantelleria e Ustica dalla Sicilia e vice-versa<\/p>\n","protected":false},"author":1,"featured_media":0,"parent":0,"menu_order":0,"comment_status":"closed","ping_status":"closed","template":"","meta":{"_aioseo_title":"","_aioseo_description":"Tutte le informazioni su come raggiungere le isole Eolie, Egadi, Pantelleria e Ustica dalla Sicilia e vice-versa","footnotes":""},"class_list":["post-5619","page","type-page","status-publish"],"_links":{"self":[{"href":"https:\/\/www.dreamsicilyvillas.com\/it\/wp-json\/wp\/v2\/pages\/5619","targetHints":{"allow":["GET"]}}],"collection":[{"href":"https:\/\/www.dreamsicilyvillas.com\/it\/wp-json\/wp\/v2\/pages"}],"about":[{"href":"https:\/\/www.dreamsicilyvillas.com\/it\/wp-json\/wp\/v2\/types\/page"}],"author":[{"embeddable":true,"href":"https:\/\/www.dreamsicilyvillas.com\/it\/wp-json\/wp\/v2\/users\/1"}],"replies":[{"embeddable":true,"href":"https:\/\/www.dreamsicilyvillas.com\/it\/wp-json\/wp\/v2\/comments?post=5619"}],"version-history":[{"count":1,"href":"https:\/\/www.dreamsicilyvillas.com\/it\/wp-json\/wp\/v2\/pages\/5619\/revisions"}],"predecessor-version":[{"id":5620,"href":"https:\/\/www.dreamsicilyvillas.com\/it\/wp-json\/wp\/v2\/pages\/5619\/revisions\/5620"}],"wp:attachment":[{"href":"https:\/\/www.dreamsicilyvillas.com\/it\/wp-json\/wp\/v2\/media?parent=5619"}],"curies":[{"name":"wp","href":"https:\/\/api.w.org\/{rel}","templated":true}]}}