{"id":5577,"date":"2012-10-29T11:44:30","date_gmt":"2012-10-29T10:44:30","guid":{"rendered":"http:\/\/www.dreamsicilyvillas.com\/how-to-book\/"},"modified":"2020-09-14T17:37:33","modified_gmt":"2020-09-14T15:37:33","slug":"come-prenotare","status":"publish","type":"page","link":"https:\/\/www.dreamsicilyvillas.com\/it\/come-prenotare\/","title":{"rendered":"Come prenotare"},"content":{"rendered":"<p>Una volta selezionata la o le ville chi vi interessano, cliccate sulla voce \u201cContatti\u201d e compilate il modulo indicando il nome della villa che desiderate affittare, il numero di adulti e di bambini , la loro et\u00e0 e infine il vostro messaggio personale. Una risposta vi verr\u00e0 mandata rapidamente in modo di rispondere al pi\u00f9 presto a tutte le vostre domande. Una volta accordati sulle date e i servizi richiesti, riceverete un contratto di locazione da rimandare firmato. Contemporaneamente, riceverete una copia firmata e vi sar\u00e0 richiesto un anticipo in modo di confermare la vostra prenotazione. Una ricevuta vi verr\u00e0 spedita alla ricezione dell\u2019anticipo. Il saldo sar\u00e0 pagato due settimana prima del vostro arrivo per bonifico bancario. Il giorno del vostro arrivo una cauzione di 300 euro vi sar\u00e0 richiesta e vi verr\u00e0 restituita al momento della vostra partenza (vedere condizioni generale)<\/p>\n","protected":false},"excerpt":{"rendered":"<p>Una volta selezionata la o le ville chi vi interessano, cliccate sulla voce \u201cContatti\u201d e compilate il modulo indicando il nome della villa che desiderate affittare, il numero di adulti e di bambini , la loro et\u00e0 e infine il vostro messaggio personale. Una risposta vi verr\u00e0 mandata rapidamente in modo di rispondere al pi\u00f9 [&hellip;]<\/p>\n","protected":false},"author":1,"featured_media":0,"parent":0,"menu_order":0,"comment_status":"closed","ping_status":"closed","template":"","meta":{"_aioseo_title":"","_aioseo_description":"","footnotes":""},"class_list":["post-5577","page","type-page","status-publish"],"_links":{"self":[{"href":"https:\/\/www.dreamsicilyvillas.com\/it\/wp-json\/wp\/v2\/pages\/5577","targetHints":{"allow":["GET"]}}],"collection":[{"href":"https:\/\/www.dreamsicilyvillas.com\/it\/wp-json\/wp\/v2\/pages"}],"about":[{"href":"https:\/\/www.dreamsicilyvillas.com\/it\/wp-json\/wp\/v2\/types\/page"}],"author":[{"embeddable":true,"href":"https:\/\/www.dreamsicilyvillas.com\/it\/wp-json\/wp\/v2\/users\/1"}],"replies":[{"embeddable":true,"href":"https:\/\/www.dreamsicilyvillas.com\/it\/wp-json\/wp\/v2\/comments?post=5577"}],"version-history":[{"count":4,"href":"https:\/\/www.dreamsicilyvillas.com\/it\/wp-json\/wp\/v2\/pages\/5577\/revisions"}],"predecessor-version":[{"id":17671,"href":"https:\/\/www.dreamsicilyvillas.com\/it\/wp-json\/wp\/v2\/pages\/5577\/revisions\/17671"}],"wp:attachment":[{"href":"https:\/\/www.dreamsicilyvillas.com\/it\/wp-json\/wp\/v2\/media?parent=5577"}],"curies":[{"name":"wp","href":"https:\/\/api.w.org\/{rel}","templated":true}]}}