{"id":5567,"date":"2012-10-29T11:44:01","date_gmt":"2012-10-29T10:44:01","guid":{"rendered":"http:\/\/www.dreamsicilyvillas.com\/about-nathalie\/"},"modified":"2020-07-09T17:43:41","modified_gmt":"2020-07-09T15:43:41","slug":"incontrate-nathalie","status":"publish","type":"page","link":"https:\/\/www.dreamsicilyvillas.com\/it\/incontrate-nathalie\/","title":{"rendered":"Incontrate Nathalie"},"content":{"rendered":"<p>Molti dei miei amici presenti in tutto il mondo e desiderosi di venire a trascorrere le loro vacanze in Sicilia mi incaricavano di trovare loro il posto ideale per un soggiorno da sogno. D\u2019altra parte, alcuni miei amici in Sicilia desideravano proporre le loro bellissime case estive come case vacanza. Cosi ho deciso di conciliare ci\u00f2 che sapevo fare meglio: mettere a disposizione la mia conoscenza delle lingue, delle culture Europee , della Sicilia e la mia esperienza nell\u2019ambito turistico, per accogliere personalmente i vacanzieri desiderosi di trascorrere una vacanza in Sicilia all\u2019insegna del relax e della cultura, in luoghi meravigliosi e incontaminati. Dreamsicilyvillas \u00e8 una raccolta di ville confortevoli in posizioni panoramiche, affittate direttamente dai loro proprietari, per le esigenze dei ospiti provenienti da tutti paesi. Tutti cos\u00ec potranno trovarsi nel posto giusto per vivere una vacanza indimenticabile. La mia pi\u00f9 grande soddisfazione \u00e8 di vedere tornare i nostri ospiti per una seconda volta, alcuni per diverse volte. Sar\u00e0 per me un immenso piacere accogliervi in Sicilia, condividere con voi la mia passione per questa bellissima isola e consigliarvi i miei posti preferiti. Nell&#8217;attesa, vi invito a consultare le varie pagine del sito dedicate alle localit\u00e0 culturali nelle vicinanze delle ville, alla gastronomia e alle tradizioni Siciliane che troverete nella mia piccola &#8220;Guida alla Sicilia occidentale&#8221;.<\/p>\n","protected":false},"excerpt":{"rendered":"<p>Molti dei miei amici presenti in tutto il mondo e desiderosi di venire a trascorrere le loro vacanze in Sicilia mi incaricavano di trovare loro il posto ideale per un soggiorno da sogno. D\u2019altra parte, alcuni miei amici in Sicilia desideravano proporre le loro bellissime case estive come case vacanza. Cosi ho deciso di conciliare [&hellip;]<\/p>\n","protected":false},"author":1,"featured_media":0,"parent":0,"menu_order":0,"comment_status":"closed","ping_status":"closed","template":"","meta":{"_aioseo_title":"","_aioseo_description":"","footnotes":""},"class_list":["post-5567","page","type-page","status-publish"],"_links":{"self":[{"href":"https:\/\/www.dreamsicilyvillas.com\/it\/wp-json\/wp\/v2\/pages\/5567","targetHints":{"allow":["GET"]}}],"collection":[{"href":"https:\/\/www.dreamsicilyvillas.com\/it\/wp-json\/wp\/v2\/pages"}],"about":[{"href":"https:\/\/www.dreamsicilyvillas.com\/it\/wp-json\/wp\/v2\/types\/page"}],"author":[{"embeddable":true,"href":"https:\/\/www.dreamsicilyvillas.com\/it\/wp-json\/wp\/v2\/users\/1"}],"replies":[{"embeddable":true,"href":"https:\/\/www.dreamsicilyvillas.com\/it\/wp-json\/wp\/v2\/comments?post=5567"}],"version-history":[{"count":4,"href":"https:\/\/www.dreamsicilyvillas.com\/it\/wp-json\/wp\/v2\/pages\/5567\/revisions"}],"predecessor-version":[{"id":17482,"href":"https:\/\/www.dreamsicilyvillas.com\/it\/wp-json\/wp\/v2\/pages\/5567\/revisions\/17482"}],"wp:attachment":[{"href":"https:\/\/www.dreamsicilyvillas.com\/it\/wp-json\/wp\/v2\/media?parent=5567"}],"curies":[{"name":"wp","href":"https:\/\/api.w.org\/{rel}","templated":true}]}}