{"id":5519,"date":"2012-10-29T09:39:11","date_gmt":"2012-10-29T08:39:11","guid":{"rendered":"http:\/\/www.dreamsicilyvillas.com\/welcome\/"},"modified":"2020-09-14T18:08:25","modified_gmt":"2020-09-14T16:08:25","slug":"benvenuti-su-dreamsicilyvillas-com","status":"publish","type":"page","link":"https:\/\/www.dreamsicilyvillas.com\/it\/","title":{"rendered":"Benvenuti su DreamSicilyVillas.com"},"content":{"rendered":"<p>DreamSiciliyVillas \u00e8 una selezione di ville private messe a disposizione direttamente dai loro proprietari per la locazione breve a uso turistico. Situate a prossimit\u00e0 di Scopello e di Castellammare del Golfo, lungo una delle coste pi\u00f9 belle della Sicilia, le case vacanze che vi proponiamo si affacciano su un mare cristallino e sono circondate da bellezze naturali mozzafiato come la riserva dello Zingaro, la tonnara di Scopello e i suoi maestosi faraglioni. Nei dintorni, i siti culturali e storici soddisfaranno i pi\u00f9 curiosi e la gastronomia locale delizier\u00e0 i palati pi\u00f9 raffinati. Mi sono innamorata della Sicilia 30 anni fa e la mia passione per quest\u2019isola mi ha portata lungo numerosi suoi sentieri. Sar\u00e0 un grande piacere accogliervi in queste case e condividere con voi le mie esperienze e farvi conoscere i posti a me cari, per una vacanza unica, personalizzata ed indimenticabile.<\/p>\n","protected":false},"excerpt":{"rendered":"<p>Ampia selezione di ville e case vacanze in affitto in Sicilia: con piscina, accesso privato al mare, nell&#8217;entroterra, dotate di ogni comfort necessario.<\/p>\n","protected":false},"author":1,"featured_media":0,"parent":0,"menu_order":0,"comment_status":"closed","ping_status":"closed","template":"","meta":{"_aioseo_title":"Ville in affitto in Sicilia - Dream Sicily Villas","_aioseo_description":"Ampia selezione di ville e case vacanze in affitto in Sicilia: con piscina, accesso privato al mare, nell'entroterra, dotate di ogni comfort necessario.","footnotes":""},"class_list":["post-5519","page","type-page","status-publish"],"_links":{"self":[{"href":"https:\/\/www.dreamsicilyvillas.com\/it\/wp-json\/wp\/v2\/pages\/5519","targetHints":{"allow":["GET"]}}],"collection":[{"href":"https:\/\/www.dreamsicilyvillas.com\/it\/wp-json\/wp\/v2\/pages"}],"about":[{"href":"https:\/\/www.dreamsicilyvillas.com\/it\/wp-json\/wp\/v2\/types\/page"}],"author":[{"embeddable":true,"href":"https:\/\/www.dreamsicilyvillas.com\/it\/wp-json\/wp\/v2\/users\/1"}],"replies":[{"embeddable":true,"href":"https:\/\/www.dreamsicilyvillas.com\/it\/wp-json\/wp\/v2\/comments?post=5519"}],"version-history":[{"count":4,"href":"https:\/\/www.dreamsicilyvillas.com\/it\/wp-json\/wp\/v2\/pages\/5519\/revisions"}],"predecessor-version":[{"id":17678,"href":"https:\/\/www.dreamsicilyvillas.com\/it\/wp-json\/wp\/v2\/pages\/5519\/revisions\/17678"}],"wp:attachment":[{"href":"https:\/\/www.dreamsicilyvillas.com\/it\/wp-json\/wp\/v2\/media?parent=5519"}],"curies":[{"name":"wp","href":"https:\/\/api.w.org\/{rel}","templated":true}]}}