{"id":5617,"date":"2012-10-29T11:47:54","date_gmt":"2012-10-29T10:47:54","guid":{"rendered":"http:\/\/www.dreamsicilyvillas.com\/connections-between-sicily-and-its-islands\/"},"modified":"2017-09-27T09:31:26","modified_gmt":"2017-09-27T07:31:26","slug":"liaisons-entre-la-sicile-et-ses-iles","status":"publish","type":"page","link":"https:\/\/www.dreamsicilyvillas.com\/fr\/liaisons-entre-la-sicile-et-ses-iles\/","title":{"rendered":"Liaisons entre la Sicile et ses \u00eeles"},"content":{"rendered":"<p><span style=\"color: #008080;\"><strong>LIAISONS AVEC LES ILES EOLIENNES<\/strong><\/span><\/p>\n<p>(Alicudi, Filicudi, Vulcano, Salina, Lipari, Panarea, Stromboli)<\/p>\n<p>Vous pouvez vous rendre sur les iles \u00e9oliennes soit par bateau (passagers et voiture) soit par hydroglisseur (passagers seulement) depuis la Sicile, depuis Naples ou depuis Reggio Calabria.<br \/> Vous trouverez les horaires des liaisons sur les web sites des compagnies maritimes.<br \/> -Bateaux au d\u00e9part de Milazzo et de Naples (passagers et voitures):<br \/> <a href=\"http:\/\/www.siremar.it\">SIREMAR<\/a>: Call Center: +39 081 4972999 ou 091 7493315 (depuis l&#8217;Italie)<\/p>\n<p><strong>Hydroglisseurs au d\u00e9part de Palerme, Cefalu&#8217;, Milazzo et Naples (passagers seulement):<\/strong><br \/> <a href=\"http:\/\/www.usticalines.it\" target=\"_blank\">USTICA LINES:<\/a>\u00a0+39 0923 873813<\/p>\n<p><strong>Au d\u00e9part de Milazzo<\/strong><\/p>\n<p>Milazzo (sur la cote tyrrh\u00e9nienne a 40 km \u00e0 l\u2019ouest de Messine) et le principal port de d\u00e9part pour les iles Eoliennes. Plusieurs bateaux et hydroglisseurs assurent quotidiennement la liaison toute l\u2019ann\u00e9e et desservent plusieurs iles. La travers\u00e9e pour Salina dure 1h 30 par hydroglisseur et entre 3h30 et 4 heures par bateau . Vous pouvez consulter les horaires sur le web site de la compagnie maritime <a href=\"http:\/\/www.usticalines.it\">USTICA LINES<\/a><\/p>\n<p><strong>Au d\u00e9part de Palerme<\/strong><\/p>\n<p>La travers\u00e9e depuis Palerme pour les iles Eoliennes dure entre 3h30 et 4 heures par hydroglisseur.<\/p>\n<p><a href=\"http:\/\/www.usticalines.it\" target=\"_blank\">USTICA LINES<\/a><\/p>\n<p>2 travers\u00e9es par jour du 01 Juin au 16 Septembre seulement<br \/> D\u00e9part dePalerme \u00e0 06.55 et \u00e0 14.00<br \/> D\u00e9part de Salina \u00e0 08.05 et \u00e0 16.55<\/p>\n<p>Lundi, Vendredi et Dimanche du 01 Janvier au 31 Mai et du 17 Septembre au 31 D\u00e9cembre:<br \/> D\u00e9part de Palerme \u00e0 14.00<br \/> D\u00e9part de Salina \u00e0 08.15<\/p>\n<p><strong>Au d\u00e9part de Naples<\/strong><\/p>\n<p><a href=\"http:\/\/www.snav.it\" target=\"_blank\">SNAV<\/a>: +39 081 4285555 (bureau du port de Naples)\u00a0<br \/> Hydroglisseurs (01 Juin au 30 Septembre seulement):<br \/> D\u00e9part de Naples \u00e0 14.30 Arriv\u00e9e \u00e0 Salina \u00e0 19.35<br \/> D\u00e9part de Salina \u00e0 08.00 Arriv\u00e9e \u00e0 Naples \u00e0 13.05<br \/> (arr\u00eats sur 5 iles : Stromboli\/Panarea\/Salina\/ Lipari\/Vulcano)<br \/> <a href=\"http:\/\/www.usticalines.it\" target=\"_blank\">USTICA LINES<\/a> +39 0923\u00a0873813\u00a0<br \/> Hydroglisseurs (Du 29 Juin au 30 Septembre)<br \/> D\u00e9part de Naples \u00e0 08.00 Arriv\u00e9e \u00e0 Salina \u00e0 13.15<br \/> D\u00e9part de Salina \u00e0 15.45 Arriv\u00e9e \u00e0 Naples \u00e0 21.00<br \/> <a href=\"http:\/\/www.siremar.it\" target=\"_blank\">SIREMAR<\/a> La travers\u00e9e se fait de nuit par bateaux au d\u00e9part de Naples pour Salina et g\u00e9n\u00e9ralement les mardi et les Vendredi. Contr\u00f4lez les jours et les horaires sur le web site.<\/p>\n<p><strong>Au d\u00e9part de Cefalu<\/strong><\/p>\n<p>Hydroglisseurs pour passagers uniquement du 15 Juin au 30 Septembre)<\/p>\n<p><a href=\"http:\/\/www.usticalines.it\" target=\"_blank\">USTICA LINES<\/a><br \/> D\u00e9part de Cefalu&#8217; \u00e0 08.15 Arriv\u00e9e \u00e0 Salina \u00e0 11.00<br \/> D\u00e9part de Salina \u00e0 16.55 Arriv\u00e9e \u00e0 Cefalu&#8217; \u00e0 20.00<\/p>\n<p><strong>Au d\u00e9part de Messine et de Reggio Calabria<\/strong><\/p>\n<p>Bateaux et hydroglisseurs assurent tous les jours et toute l\u2019ann\u00e9e la liaison avec les iles Eoliennes.<\/p>\n<p>NB Les horaires doivent etre confirm\u00e9s car peuvent subir des variations en fonction des conditions climatiques.<\/p>\n<p>Les billetteries se trouvent ; Sur le quai du port de Palerme, dans la rue principale en face de l\u2019entr\u00e9e du port de Milazzo, dans chaque port des iles Eoliennes.<\/p>\n<p>R\u00e9servation des billets :<br \/> Il n\u2019est pas n\u00e9cessaire de r\u00e9server vos billets durant la basse et la moyenne saison mais nous vous conseillons de les r\u00e9server durant la haute saison (de mi-juillet \u00e0 fin Aout), surtout si vous devez effectuer la travers\u00e9e durant les weekends.<\/p>\n<p><span style=\"color: #008080;\"><strong>LIAISONS AVEC LES ILES EGADES<\/strong><\/span><\/p>\n<p>(Favignana, Levanzo e Marettimo)<\/p>\n<p><strong>Par bateau au d\u00e9part de Trapani<\/strong><br \/> <a href=\"http:\/\/www.siremar.it\" target=\"_blank\">SIREMAR<\/a> assure la liaison par bateau avec l\u2019ile de Favignana tous les jours et toute l\u2019ann\u00e9e (45 minutes environ)<\/p>\n<p><strong>Par hydroglisseur au d\u00e9part de Trapani<\/strong><br \/> <a href=\"http:\/\/www.siremar.it\" target=\"_blank\">SIREMAR <\/a>et <a href=\"http:\/\/www.usticalines.it\" target=\"_blank\">USTICA LINES<\/a> assure la liaison par hydroglisseur avec les iles Egades plusieurs fois par jour et toute l\u2019ann\u00e9e (20 minutes), Levanzo (20 minutes), and Marettimo (1h30 environ).<\/p>\n<p><a href=\"http:\/\/www.siremar.it\" target=\"_blank\">SIREMAR<\/a><br \/>Call Center: +39 081 4972999 ou 091 7493315 (depuis l&#8217;Italie)<br \/> Billetterie sur le quai du port de Trapani.<\/p>\n<p><a href=\"http:\/\/www.usticalines.it\" target=\"_blank\">USTICA LINES<\/a><br \/> tel. +39 0923 873813<br \/> Billetterie: Trapani, via Staiti 23 (La rue devant l\u2019entr\u00e9e principale du port).<\/p>\n<p>R\u00e9servation des billets.<br \/> Il n\u2019est pas n\u00e9cessaire de r\u00e9server vos billets durant la basse et la moyenne saison mais nous vous conseillons de les r\u00e9server durant la haute saison (de mi-juillet \u00e0 fin Aout), surtout si vous devez effectuer la travers\u00e9e durant les weekends.<\/p>\n<p><span style=\"color: #008080;\"><strong>LIAISONS AVEC L\u2019ILE DE PANTELLERIA<\/strong><\/span><\/p>\n<p><strong>Par avion<\/strong><\/p>\n<p><a href=\"http:\/\/www.meridiana.it\" target=\"_blank\">MERIDIANA<\/a>: +39 0789 52682\u00a0<br \/> -Vols tous les jours de Palerme \u00e0 Pantelleria<br \/> D\u00e9part. Palerme 14.35 arr. Pantelleria 15.15<br \/> D\u00e9part Pantelleria 16.05 arr. Palerme 16.45<\/p>\n<p><a href=\"http:\/\/www.flyairone.it\" target=\"_blank\">AIR ONE<\/a>:\u00a0 assure plusieurs vols pour Pantelleria au d\u00e9part de plusieurs a\u00e9roports Italiens comme Milan Linate et Rome Fiumicino, ce qui permet de combiner ses vols en correspondance avec des vols low-cost de compagnies Europ\u00e9ennes.<br \/> Il existe aussi 2 vols chaque jour au d\u00e9part de l\u2019a\u00e9roport de Trapani pour 40 euro aller simple taxes comprises.<\/p>\n<p><strong>Par bateau au d\u00e9part de Trapani (passagers et voitures):<\/strong><\/p>\n<p>-depuis Trapani, tous les jours et toute l\u2019ann\u00e9e. La travers\u00e9e se fait de nuit.<br \/> Trapani- Pantelleria: D\u00e9part 23.59, Arriv\u00e9e 06.45<br \/> Pantelleria-Trapani: D\u00e9part 12.00, Arriv\u00e9e 17.15.<\/p>\n<p><a href=\"http:\/\/www.siremar.it\" target=\"_blank\">SIREMAR<\/a> Call Center: +39 081 4972999 ou 091 7493315 (depuis l&#8217;Italie)<\/p>\n<p>\u00a0Billetterie: sur le quai du port de Trapani.<\/p>\n<p><strong>Par hydroglisseur au d\u00e9part de la Sicile (passagers uniquement):<\/strong><\/p>\n<p>-Au d\u00e9part de Trapani, tous les jours du 10 Juin au 10 Octobre.<br \/> Trapani- Pantelleria: D\u00e9part 18.00, Arriv\u00e9e 20.30<br \/> Pantelleria-Trapani: D\u00e9part 08.30, Arriv\u00e9e 11.00<\/p>\n<p>-Au d\u00e9part de Mazzara del Vallo Tous les jours du 01 Juillet au 31 Aout.<br \/> Mazzara-Pantelleria: D\u00e9part 08.15, Arriv\u00e9e 10.00<br \/> Pantelleria Mazzara: D\u00e9part 18.00, Arriv\u00e9e 19.45<\/p>\n<p><a href=\"http:\/\/www.usticalines.it\" target=\"_blank\">USTICA LINES <\/a>+39 0923 873813\u00a0<br \/> Billetterie, via Staiti 23 (la rue en face de l\u2019entr\u00e9e principale du port de Trapani).<\/p>\n<p>R\u00e9servation des billets:<br \/> Il n\u2019est pas n\u00e9cessaire de r\u00e9server vos billets durant la basse et la moyenne saison mais nous vous conseillons de les r\u00e9server durant la haute saison (de mi-juillet \u00e0 fin Aout), surtout si vous devez effectuer la travers\u00e9e durant les weekends.<br \/> Vous pouvez r\u00e9server vos billets aupr\u00e8s des compagnies maritimes<br \/> NB Les horaires doivent etree confirm\u00e9s car ils peuvent subir des changements selon les conditions climatiques.<\/p>\n","protected":false},"excerpt":{"rendered":"<p>Toutes les informations sur comment vous rendre sur les iles Egades, les iles Eoliennes, Pantelleria et Ustica depuis la Sicile et vice-versa<\/p>\n","protected":false},"author":1,"featured_media":0,"parent":0,"menu_order":0,"comment_status":"closed","ping_status":"closed","template":"","meta":{"_aioseo_title":"","_aioseo_description":"Toutes les informations sur comment vous rendre sur les iles Egades, les iles Eoliennes, Pantelleria et Ustica depuis la Sicile et vice-versa","footnotes":""},"class_list":["post-5617","page","type-page","status-publish"],"_links":{"self":[{"href":"https:\/\/www.dreamsicilyvillas.com\/fr\/wp-json\/wp\/v2\/pages\/5617","targetHints":{"allow":["GET"]}}],"collection":[{"href":"https:\/\/www.dreamsicilyvillas.com\/fr\/wp-json\/wp\/v2\/pages"}],"about":[{"href":"https:\/\/www.dreamsicilyvillas.com\/fr\/wp-json\/wp\/v2\/types\/page"}],"author":[{"embeddable":true,"href":"https:\/\/www.dreamsicilyvillas.com\/fr\/wp-json\/wp\/v2\/users\/1"}],"replies":[{"embeddable":true,"href":"https:\/\/www.dreamsicilyvillas.com\/fr\/wp-json\/wp\/v2\/comments?post=5617"}],"version-history":[{"count":2,"href":"https:\/\/www.dreamsicilyvillas.com\/fr\/wp-json\/wp\/v2\/pages\/5617\/revisions"}],"predecessor-version":[{"id":5623,"href":"https:\/\/www.dreamsicilyvillas.com\/fr\/wp-json\/wp\/v2\/pages\/5617\/revisions\/5623"}],"wp:attachment":[{"href":"https:\/\/www.dreamsicilyvillas.com\/fr\/wp-json\/wp\/v2\/media?parent=5617"}],"curies":[{"name":"wp","href":"https:\/\/api.w.org\/{rel}","templated":true}]}}