{"id":5600,"date":"2012-10-29T11:44:59","date_gmt":"2012-10-29T10:44:59","guid":{"rendered":"http:\/\/www.dreamsicilyvillas.com\/travel-insurance\/"},"modified":"2017-09-26T18:53:35","modified_gmt":"2017-09-26T16:53:35","slug":"assurance-voyage","status":"publish","type":"page","link":"https:\/\/www.dreamsicilyvillas.com\/fr\/assurance-voyage\/","title":{"rendered":"Assurance Voyage"},"content":{"rendered":"<p>La souscription d\u2019une assurance voyage ad\u00e9quate est une obligation si vous d\u00e9sirez r\u00e9server une de nos villas. Cette assurance devra inclure une couverture en cas de d\u00e9penses m\u00e9dicales, d\u2019accident personnel et de rapatriement dans le cas d\u2019une maladie ou d\u2019un accident, de perte ou de d\u00e9g\u00e2t \u00e0 des biens personnels ou argent, de p\u00e9nalit\u00e9s d\u2019annulation ainsi que la responsabilit\u00e9 civile envers tierce personne.  Au moment de la signature de notre contrat, nous consid\u00e9rerons comme couverts par une assurance voyage tous les membres du groupe. Veuillez lire attentivement votre contrat d\u2019assurance avant votre d\u00e9part afin de vous assurer que vous etes bien couvert pour toutes les \u00e9ventualit\u00e9s \u00e9num\u00e9r\u00e9es ci-dessus.<\/p>\n","protected":false},"excerpt":{"rendered":"<p>La souscription d\u2019une assurance voyage ad\u00e9quate est une obligation si vous d\u00e9sirez r\u00e9server une de nos villas. Cette assurance devra inclure une couverture en cas de d\u00e9penses m\u00e9dicales, d\u2019accident personnel et de rapatriement dans le cas d\u2019une maladie ou d\u2019un accident, de perte ou de d\u00e9g\u00e2t \u00e0 des biens personnels ou argent, de p\u00e9nalit\u00e9s d\u2019annulation [&hellip;]<\/p>\n","protected":false},"author":1,"featured_media":0,"parent":0,"menu_order":0,"comment_status":"closed","ping_status":"closed","template":"","meta":{"_aioseo_title":"Assurance Voyage \/ Dreamsicilyvillas","_aioseo_description":"","footnotes":""},"class_list":["post-5600","page","type-page","status-publish"],"_links":{"self":[{"href":"https:\/\/www.dreamsicilyvillas.com\/fr\/wp-json\/wp\/v2\/pages\/5600","targetHints":{"allow":["GET"]}}],"collection":[{"href":"https:\/\/www.dreamsicilyvillas.com\/fr\/wp-json\/wp\/v2\/pages"}],"about":[{"href":"https:\/\/www.dreamsicilyvillas.com\/fr\/wp-json\/wp\/v2\/types\/page"}],"author":[{"embeddable":true,"href":"https:\/\/www.dreamsicilyvillas.com\/fr\/wp-json\/wp\/v2\/users\/1"}],"replies":[{"embeddable":true,"href":"https:\/\/www.dreamsicilyvillas.com\/fr\/wp-json\/wp\/v2\/comments?post=5600"}],"version-history":[{"count":1,"href":"https:\/\/www.dreamsicilyvillas.com\/fr\/wp-json\/wp\/v2\/pages\/5600\/revisions"}],"predecessor-version":[{"id":5605,"href":"https:\/\/www.dreamsicilyvillas.com\/fr\/wp-json\/wp\/v2\/pages\/5600\/revisions\/5605"}],"wp:attachment":[{"href":"https:\/\/www.dreamsicilyvillas.com\/fr\/wp-json\/wp\/v2\/media?parent=5600"}],"curies":[{"name":"wp","href":"https:\/\/api.w.org\/{rel}","templated":true}]}}