{"id":5584,"date":"2012-10-26T12:50:33","date_gmt":"2012-10-26T12:50:33","guid":{"rendered":"http:\/\/www.dreamsicilyvillas.com\/services\/"},"modified":"2021-07-18T13:25:59","modified_gmt":"2021-07-18T11:25:59","slug":"services","status":"publish","type":"page","link":"https:\/\/www.dreamsicilyvillas.com\/fr\/services\/","title":{"rendered":"Services"},"content":{"rendered":"<p><strong>Services Sp\u00e9ciaux aupr\u00e8s de nos villas et locations en Sicile<\/strong><\/p>\n<p>Dreamsicilyvillas vous propose une s\u00e9rie de services extra de fa\u00e7on \u00e0 am\u00e9liorer vos vacances en location.<\/p>\n<p>Vous pouvez r\u00e9server sur demande:<br \/>\n -Une femme de m\u00e9nage selon vos besoins.<br \/>\n -Une baby-sitter parlant le fran\u00e7ais ou l&#8217;anglais.<br \/>\n -Un cuisinier pour pr\u00e9parer vos repas dans votre cuisine.<br \/>\n -Organisation de mariages, anniversaires et autre \u00e9v\u00e9nements dans la villa que vous avez lou\u00e9e.<\/p>\n<p><strong>Services sp\u00e9ciaux pour nos villas et maisons en vente en Sicile<\/strong><\/p>\n<p>Nous vous proposons les services suivants afin de faciliter la recherche de la maison de vos r\u00eaves en Sicile :<br \/>\n &#8211; Accompagnement d&#8217;un anglophone courant lors de toutes les visites des maisons en vente et lors des entretiens avec les propri\u00e9taires, les agents immobiliers et les techniciens.<br \/>\n &#8211; Un suivi constant des travaux de restauration ou de construction en cours durant vos absences.<br \/>\n &#8211; Un compte rendu r\u00e9gulier des travaux en cours<br \/>\n &#8211; La traduction du compromis de vente et de l&#8217;acte notari\u00e9 de vente de la maison que vous avez choisie<br \/>\n &#8211; Contr\u00f4les r\u00e9guliers de votre logement durant vos absences<br \/>\n &#8211; Organisation des services d&#8217;entretien de votre maison tels que le jardinage, le nettoyage, etc.<\/p>\n<p>&nbsp;<\/p>\n","protected":false},"excerpt":{"rendered":"<p>Services Sp\u00e9ciaux aupr\u00e8s de nos villas et locations en Sicile Dreamsicilyvillas vous propose une s\u00e9rie de services extra de fa\u00e7on \u00e0 am\u00e9liorer vos vacances en location. Vous pouvez r\u00e9server sur demande: -Une femme de m\u00e9nage selon vos besoins. -Une baby-sitter parlant le fran\u00e7ais ou l&#8217;anglais. -Un cuisinier pour pr\u00e9parer vos repas dans votre cuisine. -Organisation [&hellip;]<\/p>\n","protected":false},"author":1,"featured_media":0,"parent":0,"menu_order":0,"comment_status":"closed","ping_status":"closed","template":"","meta":{"_aioseo_title":"Services \/ Dreamsicilyvillas","_aioseo_description":"","footnotes":""},"class_list":["post-5584","page","type-page","status-publish"],"_links":{"self":[{"href":"https:\/\/www.dreamsicilyvillas.com\/fr\/wp-json\/wp\/v2\/pages\/5584","targetHints":{"allow":["GET"]}}],"collection":[{"href":"https:\/\/www.dreamsicilyvillas.com\/fr\/wp-json\/wp\/v2\/pages"}],"about":[{"href":"https:\/\/www.dreamsicilyvillas.com\/fr\/wp-json\/wp\/v2\/types\/page"}],"author":[{"embeddable":true,"href":"https:\/\/www.dreamsicilyvillas.com\/fr\/wp-json\/wp\/v2\/users\/1"}],"replies":[{"embeddable":true,"href":"https:\/\/www.dreamsicilyvillas.com\/fr\/wp-json\/wp\/v2\/comments?post=5584"}],"version-history":[{"count":4,"href":"https:\/\/www.dreamsicilyvillas.com\/fr\/wp-json\/wp\/v2\/pages\/5584\/revisions"}],"predecessor-version":[{"id":18727,"href":"https:\/\/www.dreamsicilyvillas.com\/fr\/wp-json\/wp\/v2\/pages\/5584\/revisions\/18727"}],"wp:attachment":[{"href":"https:\/\/www.dreamsicilyvillas.com\/fr\/wp-json\/wp\/v2\/media?parent=5584"}],"curies":[{"name":"wp","href":"https:\/\/api.w.org\/{rel}","templated":true}]}}