{"id":5575,"date":"2012-10-29T11:44:30","date_gmt":"2012-10-29T10:44:30","guid":{"rendered":"http:\/\/www.dreamsicilyvillas.com\/how-to-book\/"},"modified":"2020-09-14T17:35:25","modified_gmt":"2020-09-14T15:35:25","slug":"comment-reserver","status":"publish","type":"page","link":"https:\/\/www.dreamsicilyvillas.com\/fr\/comment-reserver\/","title":{"rendered":"Comment r\u00e9server"},"content":{"rendered":"<p>Une fois choisie(s) la ou les villas ou locations qui vous int\u00e9ressent, cliquez sur &#8220;Contacts&#8221; et remplissez le formulaire en indiquant le nom de la ou des villas, le nombre d\u2019adultes, des enfants ainsi que leur age et enfin votre message personnel. Une r\u00e9ponse vous sera renvoy\u00e9e rapidement. Une fois concord\u00e9s les dates et les services extra \u00e9ventuels, vous recevrez un contrat de location que vous devrez renvoyer sign\u00e9. Une copie sign\u00e9e vous sera envoy\u00e9e de la m\u00e8me fa\u00e7on. Afin de confirmer votre r\u00e9servation, un acompte vous sera demand\u00e9 au m\u00eame moment. Un re\u00e7u vous sera envoy\u00e9 d\u00e8s que l\u2019acompte arrivera \u00e0 Dreamsicilyvillas. Le solde devra \u00eatre r\u00e9gl\u00e9 deux semaines avant la date d&#8217;arriv\u00e9e par virement bancaire. Au moment de la remise des clefs une caution de 300 euros vous sera demand\u00e9e et vous sera rendue au moment de votre d\u00e9part. (voir \u00abconditions g\u00e9n\u00e9rales\u00bb)<\/p>\n","protected":false},"excerpt":{"rendered":"<p>Une fois choisie(s) la ou les villas ou locations qui vous int\u00e9ressent, cliquez sur &#8220;Contacts&#8221; et remplissez le formulaire en indiquant le nom de la ou des villas, le nombre d\u2019adultes, des enfants ainsi que leur age et enfin votre message personnel. Une r\u00e9ponse vous sera renvoy\u00e9e rapidement. Une fois concord\u00e9s les dates et les [&hellip;]<\/p>\n","protected":false},"author":1,"featured_media":0,"parent":0,"menu_order":0,"comment_status":"closed","ping_status":"closed","template":"","meta":{"_aioseo_title":"","_aioseo_description":"","footnotes":""},"class_list":["post-5575","page","type-page","status-publish"],"_links":{"self":[{"href":"https:\/\/www.dreamsicilyvillas.com\/fr\/wp-json\/wp\/v2\/pages\/5575","targetHints":{"allow":["GET"]}}],"collection":[{"href":"https:\/\/www.dreamsicilyvillas.com\/fr\/wp-json\/wp\/v2\/pages"}],"about":[{"href":"https:\/\/www.dreamsicilyvillas.com\/fr\/wp-json\/wp\/v2\/types\/page"}],"author":[{"embeddable":true,"href":"https:\/\/www.dreamsicilyvillas.com\/fr\/wp-json\/wp\/v2\/users\/1"}],"replies":[{"embeddable":true,"href":"https:\/\/www.dreamsicilyvillas.com\/fr\/wp-json\/wp\/v2\/comments?post=5575"}],"version-history":[{"count":3,"href":"https:\/\/www.dreamsicilyvillas.com\/fr\/wp-json\/wp\/v2\/pages\/5575\/revisions"}],"predecessor-version":[{"id":17668,"href":"https:\/\/www.dreamsicilyvillas.com\/fr\/wp-json\/wp\/v2\/pages\/5575\/revisions\/17668"}],"wp:attachment":[{"href":"https:\/\/www.dreamsicilyvillas.com\/fr\/wp-json\/wp\/v2\/media?parent=5575"}],"curies":[{"name":"wp","href":"https:\/\/api.w.org\/{rel}","templated":true}]}}