{"id":5533,"date":"2012-11-26T17:24:23","date_gmt":"2012-11-26T16:24:23","guid":{"rendered":"http:\/\/www.dreamsicilyvillas.com\/booking\/"},"modified":"2017-09-26T15:45:01","modified_gmt":"2017-09-26T13:45:01","slug":"reservation","status":"publish","type":"page","link":"https:\/\/www.dreamsicilyvillas.com\/fr\/reservation\/","title":{"rendered":"R\u00e9servation"},"content":{"rendered":"","protected":false},"excerpt":{"rendered":"<p>Comment r\u00e9server une de nos villas priv\u00e9es en Sicile, sur front de mer, avec acc\u00e8s priv\u00e9 \u00e0 la mer, sur la plage ou avec piscine priv\u00e9e.<\/p>\n","protected":false},"author":1,"featured_media":0,"parent":0,"menu_order":0,"comment_status":"closed","ping_status":"closed","template":"","meta":{"_aioseo_title":"R\u00e9servation \/ Dreamsicilyvillas","_aioseo_description":"Comment r\u00e9server une de nos villas priv\u00e9es en Sicile, sur front de mer, avec acc\u00e8s priv\u00e9 \u00e0 la mer, sur la plage ou avec piscine priv\u00e9e.","footnotes":""},"class_list":["post-5533","page","type-page","status-publish"],"_links":{"self":[{"href":"https:\/\/www.dreamsicilyvillas.com\/fr\/wp-json\/wp\/v2\/pages\/5533","targetHints":{"allow":["GET"]}}],"collection":[{"href":"https:\/\/www.dreamsicilyvillas.com\/fr\/wp-json\/wp\/v2\/pages"}],"about":[{"href":"https:\/\/www.dreamsicilyvillas.com\/fr\/wp-json\/wp\/v2\/types\/page"}],"author":[{"embeddable":true,"href":"https:\/\/www.dreamsicilyvillas.com\/fr\/wp-json\/wp\/v2\/users\/1"}],"replies":[{"embeddable":true,"href":"https:\/\/www.dreamsicilyvillas.com\/fr\/wp-json\/wp\/v2\/comments?post=5533"}],"version-history":[{"count":2,"href":"https:\/\/www.dreamsicilyvillas.com\/fr\/wp-json\/wp\/v2\/pages\/5533\/revisions"}],"predecessor-version":[{"id":5542,"href":"https:\/\/www.dreamsicilyvillas.com\/fr\/wp-json\/wp\/v2\/pages\/5533\/revisions\/5542"}],"wp:attachment":[{"href":"https:\/\/www.dreamsicilyvillas.com\/fr\/wp-json\/wp\/v2\/media?parent=5533"}],"curies":[{"name":"wp","href":"https:\/\/api.w.org\/{rel}","templated":true}]}}