{"id":5517,"date":"2012-10-29T09:39:11","date_gmt":"2012-10-29T08:39:11","guid":{"rendered":"http:\/\/www.dreamsicilyvillas.com\/welcome\/"},"modified":"2020-09-14T18:07:52","modified_gmt":"2020-09-14T16:07:52","slug":"bienvenus-sur-dreamsicilyvillas-com","status":"publish","type":"page","link":"https:\/\/www.dreamsicilyvillas.com\/fr\/","title":{"rendered":"Bienvenus sur DreamSicilyVillas.com"},"content":{"rendered":"<p>DreamSiciliyVillas est une s\u00e9lection de villas priv\u00e9es, mises \u00e0 disposition directement par leurs propri\u00e9taires pour la location turistique. Situ\u00e9es pr\u00e8s de Scopello et de Castellammare del Golfo, le long d\u2019une des plus belles c\u00f4tes de Sicile, les maisons de vacances que nous vous proposons offrent une vue magnifique sur le golfe de Castellammare et sur ses eaux bleues et limpides.\u00a0 La nature environnante est d\u2019une beaut\u00e9 \u00e9poustouflante, comme la r\u00e9serve naturelle du Zingaro, la tonnara de Scopello et ses Faraglioni, d\u2019impressionnants rochers \u00e9mergeants de l\u2019eau.\u00a0 Aux alentours des villas, les sites culturels et historiques satisferont les plus curieux et la gastronomie locale charmera les palets les plus fins.\u00a0 Je suis tomb\u00e9e sous le charme de la Sicile il y a maintenant 30 ans et ma passion pour cette ile m\u2019a conduite le long de nombreux de ses chemins. Ce sera un immense plaisir pour moi que de vous accueillir au mieux dans ces maisons, de vous faire partager mes exp\u00e9rience et de vous faire connaitre mes petits coins favoris, pour des vacances inoubliables.<\/p>\n","protected":false},"excerpt":{"rendered":"<p>Large choix de villas et de maisons de vacances en location en Sicile: avec piscine, \u00e0 la mer, dans l\u2019arri\u00e8re-pays, dot\u00e9es de tout confort<\/p>\n","protected":false},"author":1,"featured_media":0,"parent":0,"menu_order":0,"comment_status":"closed","ping_status":"closed","template":"","meta":{"_aioseo_title":"Location de villas en Sicile \u2013 Dream Sicily Villas","_aioseo_description":"Large choix de villas et de maisons de vacances en location en Sicile: avec piscine, \u00e0 la mer, dans l\u2019arri\u00e8re-pays, dot\u00e9es de tout confort","footnotes":""},"class_list":["post-5517","page","type-page","status-publish"],"_links":{"self":[{"href":"https:\/\/www.dreamsicilyvillas.com\/fr\/wp-json\/wp\/v2\/pages\/5517","targetHints":{"allow":["GET"]}}],"collection":[{"href":"https:\/\/www.dreamsicilyvillas.com\/fr\/wp-json\/wp\/v2\/pages"}],"about":[{"href":"https:\/\/www.dreamsicilyvillas.com\/fr\/wp-json\/wp\/v2\/types\/page"}],"author":[{"embeddable":true,"href":"https:\/\/www.dreamsicilyvillas.com\/fr\/wp-json\/wp\/v2\/users\/1"}],"replies":[{"embeddable":true,"href":"https:\/\/www.dreamsicilyvillas.com\/fr\/wp-json\/wp\/v2\/comments?post=5517"}],"version-history":[{"count":6,"href":"https:\/\/www.dreamsicilyvillas.com\/fr\/wp-json\/wp\/v2\/pages\/5517\/revisions"}],"predecessor-version":[{"id":17677,"href":"https:\/\/www.dreamsicilyvillas.com\/fr\/wp-json\/wp\/v2\/pages\/5517\/revisions\/17677"}],"wp:attachment":[{"href":"https:\/\/www.dreamsicilyvillas.com\/fr\/wp-json\/wp\/v2\/media?parent=5517"}],"curies":[{"name":"wp","href":"https:\/\/api.w.org\/{rel}","templated":true}]}}