{"id":17977,"date":"2021-01-23T17:03:33","date_gmt":"2021-01-23T16:03:33","guid":{"rendered":"https:\/\/www.dreamsicilyvillas.com\/?page_id=17977"},"modified":"2021-01-23T17:30:23","modified_gmt":"2021-01-23T16:30:23","slug":"conseils-coronavirus","status":"publish","type":"page","link":"https:\/\/www.dreamsicilyvillas.com\/fr\/conseils-coronavirus\/","title":{"rendered":"Conseils Coronavirus"},"content":{"rendered":"<p>Nous vous recommandons de souscrire une assurance voyage. Il existe de nombreux contrats d&#8217;assurances qui couvrent diff\u00e9rents aspects du voyage. La situation actuelle a attir\u00e9 l&#8217;attention de nombreuses personnes sur les assurances couvrant tous les risques d&#8217;annulation. Lors du choix de votre contrat, nous vous recommandons de v\u00e9rifier attentivement ce qui est couvert et quelles sont les conditions g\u00e9n\u00e9rales en cas d&#8217;annulation. Votre contrat d&#8217;assurance voyage doit inclure une politique d&#8217;annulation de voyage en raison du coronavirus.<\/p>\n<p>Liens utiles:<\/p>\n<p>Sites gouvernementaux et d&#8217;agences internationales:<\/p>\n<p><a href=\"https:\/\/www.gov.uk\/foreign-travel-advice\" target=\"_blank\" rel=\"noopener\">Travel advice from the UK government&#8217;s Foreign and Commonwealth Office (FCO)<\/a><br \/>\n <a href=\"https:\/\/www.cdc.gov\/coronavirus\/2019-ncov\/travelers\/index.html\" target=\"_blank\" rel=\"noopener\">Travel advice from the US government&#8217;s Centers for Disease Control and Prevention (CDC)<\/a><br \/>\n <a href=\"https:\/\/www.smartraveller.gov.au\/\" target=\"_blank\" rel=\"noopener\">Travel advice from the Australian government<\/a><br \/>\n <a href=\"https:\/\/travel.gc.ca\/travelling\/advisories\" target=\"_blank\" rel=\"noopener\">Travel advice from the Canadian government<\/a><br \/>\n <a href=\"https:\/\/ec.europa.eu\/consularprotection\/content\/travel-advice_en\" target=\"_blank\" rel=\"noopener\">Travel advice from the European Commission<\/a>\u00a0(y compris les liens vers les sites gouvernementaux de tous les pays de l&#8217;UE et vers leur page de conseils)<br \/>\n <a href=\"https:\/\/www.who.int\/emergencies\/diseases\/novel-coronavirus-2019\" target=\"_blank\" rel=\"noopener\">The World Health Organization<\/a> (WHO)<\/p>\n","protected":false},"excerpt":{"rendered":"<p>Nous vous recommandons de souscrire une assurance voyage. Il existe de nombreux contrats d&#8217;assurances qui couvrent diff\u00e9rents aspects du voyage. La situation actuelle a attir\u00e9 l&#8217;attention de nombreuses personnes sur les assurances couvrant tous les risques d&#8217;annulation. Lors du choix de votre contrat, nous vous recommandons de v\u00e9rifier attentivement ce qui est couvert et quelles [&hellip;]<\/p>\n","protected":false},"author":2,"featured_media":0,"parent":0,"menu_order":0,"comment_status":"closed","ping_status":"closed","template":"","meta":{"_aioseo_title":"","_aioseo_description":"","footnotes":""},"class_list":["post-17977","page","type-page","status-publish"],"_links":{"self":[{"href":"https:\/\/www.dreamsicilyvillas.com\/fr\/wp-json\/wp\/v2\/pages\/17977","targetHints":{"allow":["GET"]}}],"collection":[{"href":"https:\/\/www.dreamsicilyvillas.com\/fr\/wp-json\/wp\/v2\/pages"}],"about":[{"href":"https:\/\/www.dreamsicilyvillas.com\/fr\/wp-json\/wp\/v2\/types\/page"}],"author":[{"embeddable":true,"href":"https:\/\/www.dreamsicilyvillas.com\/fr\/wp-json\/wp\/v2\/users\/2"}],"replies":[{"embeddable":true,"href":"https:\/\/www.dreamsicilyvillas.com\/fr\/wp-json\/wp\/v2\/comments?post=17977"}],"version-history":[{"count":4,"href":"https:\/\/www.dreamsicilyvillas.com\/fr\/wp-json\/wp\/v2\/pages\/17977\/revisions"}],"predecessor-version":[{"id":17995,"href":"https:\/\/www.dreamsicilyvillas.com\/fr\/wp-json\/wp\/v2\/pages\/17977\/revisions\/17995"}],"wp:attachment":[{"href":"https:\/\/www.dreamsicilyvillas.com\/fr\/wp-json\/wp\/v2\/media?parent=17977"}],"curies":[{"name":"wp","href":"https:\/\/api.w.org\/{rel}","templated":true}]}}