{"id":5608,"date":"2012-10-29T11:47:12","date_gmt":"2012-10-29T10:47:12","guid":{"rendered":"http:\/\/www.dreamsicilyvillas.com\/how-to-reach-sicily\/"},"modified":"2019-05-08T17:51:25","modified_gmt":"2019-05-08T15:51:25","slug":"how-to-reach-sicily","status":"publish","type":"page","link":"https:\/\/www.dreamsicilyvillas.com\/de\/how-to-reach-sicily\/","title":{"rendered":"Reisen nach Sizilien"},"content":{"rendered":"<p><span style=\"color: #008080;\"><strong>FLUGVERBINDUNGEN<\/strong><\/span><\/p>\n<p>Die drei internationalen Flughafen in Sizilien sind:<br \/>\n <strong>PALERMO<\/strong>: Falcone e Borsellino airport ( 20 km\u00a0von Palermo)<br \/>\n <strong>CATANIA<\/strong> : Fontanarossa airport (5 km\u00a0von Catania)<br \/>\n <strong>TRAPANI<\/strong> : Birgi airport (10 Km\u00a0von Trapani)<\/p>\n<p>FLUGVERBINDUNGEN VON ITALIEN<\/p>\n<ul>\n<li><a href=\"http:\/\/www.alitalia.com\" target=\"_blank\" rel=\"noopener\">ALITALIA<\/a><\/li>\n<li><a href=\"http:\/\/www.ryanair.com\/\" target=\"_blank\" rel=\"noopener\">RYANAIR<\/a><\/li>\n<li><a href=\"http:\/\/www.meridiana.it\" target=\"_blank\" rel=\"noopener\">MERIDIANA<\/a><\/li>\n<li><a href=\"http:\/\/www.easyjet.com\" target=\"_blank\" rel=\"noopener\">EASYJET<\/a><\/li>\n<li><a href=\"http:\/\/www.volotea.com\/de\/\" target=\"_blank\" rel=\"noopener\">VOLOTEA<\/a><\/li>\n<\/ul>\n<p>FLUGVERBINDUNGEN VON USA<\/p>\n<ul>\n<li><a href=\"http:\/\/www.alitalia.com\" target=\"_blank\" rel=\"noopener\">ALITALIA<\/a><\/li>\n<li><a href=\"http:\/\/www.usairways.com\" target=\"_blank\" rel=\"noopener\">USAIRYAYS<\/a><\/li>\n<li><a href=\"http:\/\/www.continental.com\" target=\"_blank\" rel=\"noopener\">CONTINENTAL<\/a><\/li>\n<li><a href=\"http:\/\/www.delta.com\" target=\"_blank\" rel=\"noopener\">DELTA AIRLINES<\/a><\/li>\n<li><a href=\"http:\/\/united.com\" target=\"_blank\" rel=\"noopener\">UNITED AIRLINES<\/a><\/li>\n<li><a href=\"http:\/\/www.meridiana.it\/\" target=\"_blank\" rel=\"noopener\">MERIDIANA<\/a><\/li>\n<\/ul>\n<p>FLUGVERBINDUNGEN VON\u00a0ENGLAND<\/p>\n<ul>\n<li><a href=\"http:\/\/www.ryanair.com\" target=\"_blank\" rel=\"noopener\">RYANAIR<\/a><\/li>\n<li><a href=\"http:\/\/www.britishairways.com\" target=\"_blank\" rel=\"noopener\">BRITISHAIRWAYS<\/a><\/li>\n<li><a href=\"http:\/\/www.easyjet.com\" target=\"_blank\" rel=\"noopener\">EASYJET<\/a><\/li>\n<li><a href=\"https:\/\/www.tui.co.uk\/flight%20\">TUI airways<\/a><\/li>\n<li><a href=\"http:\/\/www.eastmidlandsairport.com\" target=\"_blank\" rel=\"noopener\">EASTMIDLANDSAIRPORT<\/a><\/li>\n<\/ul>\n<p>FLUGVERBINDUNGEN VON\u00a0IRLAND<\/p>\n<ul>\n<li><a href=\"http:\/\/www.ryanair.com\" target=\"_blank\" rel=\"noopener\">RYANAIR<\/a><\/li>\n<li><a href=\"http:\/\/www.aerlingus.com\" target=\"_blank\" rel=\"noopener\">AERLINGUS<\/a><\/li>\n<\/ul>\n<p>FLUGVERBINDUNGEN VON FRANKREICH<\/p>\n<ul>\n<li><a href=\"http:\/\/www.ryanair.com\" target=\"_blank\" rel=\"noopener\">RYANAIR<\/a><\/li>\n<li><a href=\"http:\/\/www.alitalia.com\" target=\"_blank\" rel=\"noopener\">ALITALIA<\/a><\/li>\n<li><a href=\"http:\/\/www.airfrance.com\" target=\"_blank\" rel=\"noopener\">AIRFRANCE<\/a><\/li>\n<li><a href=\"http:\/\/www.meridiana.it\" target=\"_blank\" rel=\"noopener\">MERIDIANA<\/a><\/li>\n<li><a href=\"http:\/\/www.easyjet.com\" target=\"_blank\" rel=\"noopener\">EASYJET<\/a><\/li>\n<li><a href=\"http:\/\/www.transavia.com\" target=\"_blank\" rel=\"noopener\">TRANSAVIA<\/a><\/li>\n<li><a href=\"http:\/\/www.volotea.com\/de\/\" target=\"_blank\" rel=\"noopener\">VOLOTEA<\/a><\/li>\n<\/ul>\n<p>FLUGVERBINDUNGEN VON DEUTSCHLAND<\/p>\n<ul>\n<li><a href=\"http:\/\/www.ryanair.com\" target=\"_blank\" rel=\"noopener\">RYANAIR<\/a><\/li>\n<li><a href=\"http:\/\/www.alitalia.com\" target=\"_blank\" rel=\"noopener\">ALITALIA<\/a><\/li>\n<li><a href=\"http:\/\/www.tuifly.com\" target=\"_blank\" rel=\"noopener\">TUIfly<\/a><\/li>\n<li><a href=\"http:\/\/www.meridiana.it\" target=\"_blank\" rel=\"noopener\">MERIDIANA<\/a><\/li>\n<li><a href=\"http:\/\/www.lufthansa.com\" target=\"_blank\" rel=\"noopener\">LUFTHANSA<\/a><\/li>\n<li><a href=\"http:\/\/www.airberlin.com\" target=\"_blank\" rel=\"noopener\">AIRBERLIN<\/a><\/li>\n<li><a href=\"http:\/\/www.germanwings.com\/de\/index.shtml\" target=\"_blank\" rel=\"noopener\">GERMANWINGS<\/a><\/li>\n<\/ul>\n<p>FLUGVERBINDUNGEN VON SPANIEN<\/p>\n<ul>\n<li><a href=\"http:\/\/www.ryanair.com\" target=\"_blank\" rel=\"noopener\">RYANAIR<\/a><\/li>\n<li><a href=\"http:\/\/www.iberia.com\" target=\"_blank\" rel=\"noopener\">IBERIA<\/a><\/li>\n<li><a href=\"http:\/\/www.clickair.com\" target=\"_blank\" rel=\"noopener\">CLICK AIR<\/a><\/li>\n<li><a href=\"http:\/\/www.volotea.com\/de\/\" target=\"_blank\" rel=\"noopener\">VOLOTEA<\/a><\/li>\n<\/ul>\n<p>FLUGVERBINDUNGEN VON \u00d6STERREICH<\/p>\n<ul>\n<li><a href=\"http:\/\/www.airberlin.com\" target=\"_blank\" rel=\"noopener\">AIR BERLIN<\/a><\/li>\n<\/ul>\n<p>FLUGVERBINDUNGEN VON BELGIEN<\/p>\n<ul>\n<li><a href=\"http:\/\/www.ryanair.com\" target=\"_blank\" rel=\"noopener\">RYANAIR<\/a><\/li>\n<li><a href=\"http:\/\/www.brusselsairlines.com\" target=\"_blank\" rel=\"noopener\">BRUSSELS AIRLINES<\/a><\/li>\n<li><a href=\"http:\/\/www.jetairfly.com\" target=\"_blank\" rel=\"noopener\">JETAIRFLY<\/a><\/li>\n<\/ul>\n<p>FLUGVERBINDUNGEN VON SCHWEIZ<\/p>\n<ul>\n<li><a href=\"http:\/\/www.airberlin.com\" target=\"_blank\" rel=\"noopener\">AIRBERLIN<\/a><\/li>\n<li><a href=\"http:\/\/www.easyjet.com\" target=\"_blank\" rel=\"noopener\">EASYJET<\/a><\/li>\n<li><a href=\"http:\/\/www.tuifly.com\" target=\"_blank\" rel=\"noopener\">TUIfly<\/a><\/li>\n<li><a href=\"http:\/\/www.helvetic.com\" target=\"_blank\" rel=\"noopener\">HELVETIC<\/a><\/li>\n<li><a href=\"http:\/\/www.airmalta.com\" target=\"_blank\" rel=\"noopener\">AIRMALTA<\/a><\/li>\n<li><a href=\"http:\/\/www.edelweissair.ch\/\" target=\"_blank\" rel=\"noopener\">EDELWEISS<\/a><\/li>\n<\/ul>\n<p>FLUGVERBINDUNGEN VON RUSSIA<\/p>\n<ul>\n<li><a href=\"http:\/\/www.airberlin.com\" target=\"_blank\" rel=\"noopener\">AIRBERLIN<\/a><\/li>\n<li><a href=\"http:\/\/www.alitalia.com\/de_de\/\" target=\"_blank\" rel=\"noopener\">ALITALIA<\/a><\/li>\n<li><a href=\"http:\/\/www.aeroflot.com\/cms\/de\" target=\"_blank\" rel=\"noopener\">AEROFLOT<\/a>\u00a0<\/li>\n<\/ul>\n<p>FLUGVERBINDUNGEN VON HOLLAND<\/p>\n<ul>\n<li><a href=\"http:\/\/www.transavia.com\" target=\"_blank\" rel=\"noopener\">TRANSAVIA<\/a><\/li>\n<li><a href=\"http:\/\/www.ryanair.com\" target=\"_blank\" rel=\"noopener\">RYANAIR<\/a><\/li>\n<\/ul>\n<p>FLUGVERBINDUNGEN VON POLEN<\/p>\n<ul>\n<li><a href=\"http:\/\/www.ryanair.com\" target=\"_blank\" rel=\"noopener\">RYANAIR<\/a><\/li>\n<\/ul>\n<p>FLUGVERBINDUNGEN VON SLOVENIEN<\/p>\n<ul>\n<li><a href=\"http:\/\/www.ryanair.com\" target=\"_blank\" rel=\"noopener\">RYANAIR<\/a><\/li>\n<\/ul>\n<p>FLUGVERBINDUNGEN VON SWEDEN<\/p>\n<ul>\n<li><a href=\"http:\/\/www.ryanair.com\" target=\"_blank\" rel=\"noopener\">RYANAIR<\/a><\/li>\n<\/ul>\n<p>FLUGVERBINDUNGEN VON DANEMARK<\/p>\n<ul>\n<li><a href=\"http:\/\/www.ryanair.com\" target=\"_blank\" rel=\"noopener\">RYANAIR<\/a><\/li>\n<\/ul>\n<p>FLUGVERBINDUNGEN VON NORWEGEN<\/p>\n<ul>\n<li><a href=\"http:\/\/www.ryanair.com\" target=\"_blank\" rel=\"noopener\">RYANAIR<\/a><\/li>\n<\/ul>\n<p>FLUGVERBINDUNGEN VON MALTA<\/p>\n<ul>\n<li><a href=\"http:\/\/www.ryanair.com\" target=\"_blank\" rel=\"noopener\">RYANAIR<\/a><\/li>\n<\/ul>\n<p>FLUGVERBINDUNGEN VON RUM\u00c4NIEN<\/p>\n<ul>\n<li><a href=\"http:\/\/www.wizzair.com\" target=\"_blank\" rel=\"noopener\">WIZZAIR<\/a><\/li>\n<\/ul>\n<p>FLUGVERBINDUNGEN VON\u00a0UNGARN<\/p>\n<ul>\n<li><a href=\"http:\/\/www.wizzair.com\" target=\"_blank\" rel=\"noopener\">WIZZAIR<\/a><\/li>\n<\/ul>\n<p>&nbsp;<\/p>\n<p><span style=\"color: #008080;\"><strong>MIT DEM AUTO<\/strong><\/span><\/p>\n<p>Um Sizilien mit dem Auto zu erreichen, kann man mit der Faehre oder den Tragfluegelboot vom Festland verschieden Haefen anfahren. Im Anschlusz finden sie die verschieden Moeglichkeiten mit Ihrem Auto nach Sizilien zu kommen:<\/p>\n<p>&nbsp;<\/p>\n<p><span style=\"color: #008080;\"><strong>SCHIFFSVERBINDUNGEN<\/strong><\/span><\/p>\n<p><strong>GENUA \/ PALERMO<\/strong><\/p>\n<p>Die Ueberfahrt dauert 20 Stunden und man faehrt mit der Gesellschaft <a href=\"http:\/\/www.gnv.it\" target=\"_blank\" rel=\"noopener\">GRANDI NAVI VELOCI<\/a><br \/>\n Informationen ab Italien : www.gnv.it &#8211; Tel +39 010 2094591 &#8211; Fax +39 010 5509225<\/p>\n<p>Informationen vom Ausland:<\/p>\n<p>OESTERREICH<br \/>\n Terra Reisen<br \/>\n Ferdinand Hanusch Platz, 1 &#8211; 5020 Salzburg<br \/>\n Tel 0043-662-8041330\/333 Fax 0043-662-804151<br \/>\n e-mail: terra.schiff@tui.co.at<br \/>\n Verkehrsb\u00fcro<br \/>\n Friedrichstra\u00dfe 7<br \/>\n A 1010 Wien<br \/>\n Tel 0043-1-58800545 Fax 0043-1-58800570<br \/>\n e-mail: bahn.faeheren@verkehrsbuero.at<\/p>\n<p>BELGIEN<br \/>\n Wasteels Ferries<br \/>\n Chause\u00e9 de Boondael &#8211; 1050 Bruxelles<br \/>\n Tel 0032-2-6450605 Fax 0032- 2-6450609<br \/>\n e-mail: ferries@wasteels.be<\/p>\n<p>FRANKREICH<br \/>\n Euro Mer<br \/>\n 5, Quai de Sauvages &#8211; CS 10024 &#8211; 34078 Montpellier Cedex 3<br \/>\n Tel 0033-4-67656730 Fax 0033-4-67640302<br \/>\n e-mail: euromer@euromer.net<br \/>\n Viamare Cap Mer<br \/>\n 6\/8 Rue de Milan &#8211; 75009 Paris<br \/>\n Tel 0033-1-42809487 Fax 0033-1-42809499<br \/>\n e-mail : info@viamare.fr<\/p>\n<p>DEUTSCHLAND<br \/>\n J. A. REINECKE Agentur Gmbh&amp;Co. KG<br \/>\n Jersbeker Strasse 12 &#8211; 22941 Bargteheide<br \/>\n Tel 0049-(0) 45 32 &#8211; 20 55 16 Fax 0049-(0)45 32 &#8211; 22 5 66<br \/>\n e-mail: gnv@jareinecke.de \/ jareineck@aol.com<\/p>\n<p>ENGLAND<br \/>\n Viamare Travel Ltd<br \/>\n Graphic House &#8211; 2 Sumatra Road &#8211; London NW6 1PU<br \/>\n Tel 0044-8704-106040 Fax 0044-20-74315456<br \/>\n e-mail: ferries@viamare.com<\/p>\n<p>MALTA<br \/>\n O.F. Gollcher &amp; Sons<br \/>\n Marina Court 1, Suite No 8, 2nd Floor<br \/>\n Giuseppe Cali Street &#8211; Ta&#8217; Xbiex MSD 14<br \/>\n Tel 00356 21 334023\/334030 Fax 00356 21 323858<br \/>\n e-mail: contact@gollcher.com<\/p>\n<p>HOLAND<br \/>\n Global Cruises &amp; Ferries<br \/>\n Gervenhof 33 &#8211; 3882 AR Putten<br \/>\n tel. 0341 37 11 12 fax 0341 37 11 00<br \/>\n e-mail: info@globalcruises.nl<\/p>\n<p>POLEN<br \/>\n Petpolonia<br \/>\n 34-205 Stryszawa 178 C<br \/>\n Tel. 0048-33-8747720 Fax 0048 33 8747013<br \/>\n e-mail: ppolonia@pro.onet.pl \/ info@promy.pl<\/p>\n<p>PORTUGAL Sottotour<br \/>\n Rua Ivone Silva 6C &#8211; 1050 Lisboa<br \/>\n Tel 00351-21-7909049 Fax 00351-21-7950878<br \/>\n e-mail: sottotour@mail.telepac.pt<\/p>\n<p>SLOWENIEN<br \/>\n Mediteran International<br \/>\n Kosovelova 2 &#8211; 6320 Portoroz<br \/>\n Tel 00386-(0)5-6710760\/ 6710759 Fax 00386-5-6710762<br \/>\n e-mail: mediteran.international@siol.net<\/p>\n<p>KROAZIEN<br \/>\n Branch office in CROATIA<br \/>\n Cruise &amp; Ferry Center \/ Mediteran International<br \/>\n Simonetija 52 &#8211; P.O. BOX 78 &#8211; 52460 Buje, Croatia<br \/>\n Tel 00385-1-4875866 Fax 00385-1-4923514<\/p>\n<p>SPAGNIEN<br \/>\n Condemar<br \/>\n Terminal Muelle Poniente Norte \/ San Beltr\u00e1n<br \/>\n Puerto de Barcelona<br \/>\n Tel 902-401 200 Fax 0034-93-4424066<br \/>\n e-mail: info@bcn.gnv.it<\/p>\n<p>SCHWEDEN<br \/>\n FERRY CENTER F\u00d6RS\u00c4LJNING AB<br \/>\n Gafferlgrand 16 &#8211; 271 42 Ystad<br \/>\n Tel 0046-411-73 270 Fax 0046-411-73 280<br \/>\n e-mails: bokning@ferrycenter.se<\/p>\n<p>SCHWEIZ<br \/>\n Cosulich AG<br \/>\n Becknhofstrasse 26 &#8211; 8035 Zurich &#8211; P.O. BOX 189<br \/>\n Tel 0041-44-3635255 Fax 0041-44-3626782<br \/>\n e-mail: info@cosulich.ch<\/p>\n<p>TUNESIEN<br \/>\n D&#8217;Alessandro Agent S.A.<br \/>\n Espace &#8220;M\u00e9diterran\u00e9e&#8221; &#8211; Zone commerciale Portuaire Rad\u00e9s-Port<br \/>\n B.P. 268 &#8211; 1125 Rad\u00e9s Salines &#8211; Tunisie<br \/>\n Tel 00216-71-44 80 50 Fax 00216-71-44 82 23<br \/>\n e-mail: passagers@gda.com.tn<\/p>\n<p>UNGARN<br \/>\n Mahart Tours<br \/>\n Belgrad RKP &#8211; 1056 Budapest &#8211; P.O. BOX 58<br \/>\n Tel 0036- 1- 4844011 Fax 0036-1- 2664223<br \/>\n e-mail: tours@maharttours.com<\/p>\n<p><strong>NEAPEL \/ PALERMO<\/strong><br \/>\n Die Ueberfahrt dauert ca. 10 Stunden:<br \/>\n <a href=\"http:\/\/www.tirrenia.it\" target=\"_blank\" rel=\"noopener\">TIRRENIA <\/a><\/p>\n<p><a href=\"http:\/\/www.snav.it\" target=\"_blank\" rel=\"noopener\">SNAV<\/a><\/p>\n<p><strong>VILLA SAN GIOVANNI \/ MESSINA<\/strong><br \/>\n Ueber die Meeresenge von Messina erreichen Sie in 40 Minuten Sizilien mit den Tragfluegelbooten der Gesellschaft <a href=\"http:\/\/www.carontetourist.it\" target=\"_blank\" rel=\"noopener\">CARONTE<\/a><\/p>\n<p><strong>SARDINIEN \/ SIZILIEN<\/strong><br \/>\n Die Ueberfahrt von CAGLIARI nach TRAPANI oder PALERMO dauert ca. 12 Stunden mit der Gesellschaft <a href=\"http:\/\/www.tirrenia.it\" target=\"_blank\" rel=\"noopener\">TIRRENIA<\/a><\/p>\n<p>&nbsp;<\/p>\n<p><strong><span style=\"color: #008080;\">UEBERFAHRTEN MIT TRAGFLUEGELBOOTEN<\/span><\/strong><\/p>\n<p><strong>NEAPEL \/ TRAPANI ueber FAVIGNANA<\/strong> :mit der Gesellschaft <a href=\"http:\/\/www.usticalines.it\" target=\"_blank\" rel=\"noopener\">USTICA LINES<\/a><\/p>\n<p><strong>NEAPEL \/ AEOLISCHE INSELN<\/strong> :Mit der Gesellschaft: <a href=\"http:\/\/www.usticalines.it\" target=\"_blank\" rel=\"noopener\">USTICA LINES<\/a><\/p>\n<p>&nbsp;<\/p>\n<p><span style=\"color: #008080;\"><strong>BAHNVERBINDUNGEN<\/strong><\/span><\/p>\n<p>Informationen ueber die Bahnverbindungen von Italien nach Sizilien, erkundigen Sie sich in der web-Seite der Gesellschaft <a href=\"http:\/\/www.trenitalia.it\" target=\"_blank\" rel=\"noopener\">TRENITALIA<\/a><\/p>\n","protected":false},"excerpt":{"rendered":"<p>Alle Verbindungen mit Sizilien per Flugzeug, Bahn und Schiff<\/p>\n","protected":false},"author":1,"featured_media":0,"parent":0,"menu_order":0,"comment_status":"closed","ping_status":"closed","template":"","meta":{"_aioseo_title":"Reisen nach Sizilien \/ Dreamsicilyvillas","_aioseo_description":"Alle Verbindungen mit Sizilien per Flugzeug, Bahn und Schiff","footnotes":""},"class_list":["post-5608","page","type-page","status-publish"],"_links":{"self":[{"href":"https:\/\/www.dreamsicilyvillas.com\/de\/wp-json\/wp\/v2\/pages\/5608","targetHints":{"allow":["GET"]}}],"collection":[{"href":"https:\/\/www.dreamsicilyvillas.com\/de\/wp-json\/wp\/v2\/pages"}],"about":[{"href":"https:\/\/www.dreamsicilyvillas.com\/de\/wp-json\/wp\/v2\/types\/page"}],"author":[{"embeddable":true,"href":"https:\/\/www.dreamsicilyvillas.com\/de\/wp-json\/wp\/v2\/users\/1"}],"replies":[{"embeddable":true,"href":"https:\/\/www.dreamsicilyvillas.com\/de\/wp-json\/wp\/v2\/comments?post=5608"}],"version-history":[{"count":5,"href":"https:\/\/www.dreamsicilyvillas.com\/de\/wp-json\/wp\/v2\/pages\/5608\/revisions"}],"predecessor-version":[{"id":16573,"href":"https:\/\/www.dreamsicilyvillas.com\/de\/wp-json\/wp\/v2\/pages\/5608\/revisions\/16573"}],"wp:attachment":[{"href":"https:\/\/www.dreamsicilyvillas.com\/de\/wp-json\/wp\/v2\/media?parent=5608"}],"curies":[{"name":"wp","href":"https:\/\/api.w.org\/{rel}","templated":true}]}}