{"id":5601,"date":"2012-10-29T11:44:59","date_gmt":"2012-10-29T10:44:59","guid":{"rendered":"http:\/\/www.dreamsicilyvillas.com\/travel-insurance\/"},"modified":"2017-09-26T18:52:50","modified_gmt":"2017-09-26T16:52:50","slug":"travel-insurance","status":"publish","type":"page","link":"https:\/\/www.dreamsicilyvillas.com\/de\/travel-insurance\/","title":{"rendered":"Reiseversicherung"},"content":{"rendered":"<p>Falls Sie eine unserer Villen reservieren m\u00f6chten ist eine Reiseversicherung ein absolutes Mu\u00df. Diese Versicherung sollte eine Deckung im Falle von medizinischen Kosten-, Unfall- und R\u00fcckf\u00fchrung,  Verlust oder Besch\u00e4digung von pers\u00f6nlichem Eigentum oder Geldstrafe im Falle einer Stornierung, sowie eine Haftpflichtversicherung garantieren. Bei der Unterzeichnung unseres Vertrages, werden wir pr\u00fcfen, ob alle Reisenden eine g\u00fcltige Reiseversicherung haben. Bitte lesen Sie Ihren Versicherungsvertrag vor Ihrer Abreise aufmerksam durch, damit Sie f\u00fcr alle oben angef\u00fchrten Eventualit\u00e4ten abgedeckt sind.<\/p>\n","protected":false},"excerpt":{"rendered":"<p>Falls Sie eine unserer Villen reservieren m\u00f6chten ist eine Reiseversicherung ein absolutes Mu\u00df. Diese Versicherung sollte eine Deckung im Falle von medizinischen Kosten-, Unfall- und R\u00fcckf\u00fchrung, Verlust oder Besch\u00e4digung von pers\u00f6nlichem Eigentum oder Geldstrafe im Falle einer Stornierung, sowie eine Haftpflichtversicherung garantieren. Bei der Unterzeichnung unseres Vertrages, werden wir pr\u00fcfen, ob alle Reisenden eine g\u00fcltige [&hellip;]<\/p>\n","protected":false},"author":1,"featured_media":0,"parent":0,"menu_order":0,"comment_status":"closed","ping_status":"closed","template":"","meta":{"_aioseo_title":"Reiseversicherung \/ Dreamsicilyvillas","_aioseo_description":"","footnotes":""},"class_list":["post-5601","page","type-page","status-publish"],"_links":{"self":[{"href":"https:\/\/www.dreamsicilyvillas.com\/de\/wp-json\/wp\/v2\/pages\/5601","targetHints":{"allow":["GET"]}}],"collection":[{"href":"https:\/\/www.dreamsicilyvillas.com\/de\/wp-json\/wp\/v2\/pages"}],"about":[{"href":"https:\/\/www.dreamsicilyvillas.com\/de\/wp-json\/wp\/v2\/types\/page"}],"author":[{"embeddable":true,"href":"https:\/\/www.dreamsicilyvillas.com\/de\/wp-json\/wp\/v2\/users\/1"}],"replies":[{"embeddable":true,"href":"https:\/\/www.dreamsicilyvillas.com\/de\/wp-json\/wp\/v2\/comments?post=5601"}],"version-history":[{"count":1,"href":"https:\/\/www.dreamsicilyvillas.com\/de\/wp-json\/wp\/v2\/pages\/5601\/revisions"}],"predecessor-version":[{"id":5604,"href":"https:\/\/www.dreamsicilyvillas.com\/de\/wp-json\/wp\/v2\/pages\/5601\/revisions\/5604"}],"wp:attachment":[{"href":"https:\/\/www.dreamsicilyvillas.com\/de\/wp-json\/wp\/v2\/media?parent=5601"}],"curies":[{"name":"wp","href":"https:\/\/api.w.org\/{rel}","templated":true}]}}