{"id":5585,"date":"2012-10-26T12:50:33","date_gmt":"2012-10-26T12:50:33","guid":{"rendered":"http:\/\/www.dreamsicilyvillas.com\/services\/"},"modified":"2021-07-18T13:42:05","modified_gmt":"2021-07-18T11:42:05","slug":"dienste","status":"publish","type":"page","link":"https:\/\/www.dreamsicilyvillas.com\/de\/dienste\/","title":{"rendered":"Dienste"},"content":{"rendered":"<p><strong>Zus\u00e4tzliche Leistungen f\u00fcr unsere Villen und Ferienh\u00e4user in Sizilien: <\/strong><\/p>\n<p>Dreamsicilyvillas bietet eine Reihe von zus\u00e4tzlichen Dienstleistungen an Auf Wunsch k\u00f6nnen Sie buchen:<br \/>\n -Housekeeping je nach Wunsch<br \/>\n -Babysitter (italienisch, franz\u00f6sisch, deutsch und englisch)<br \/>\n -Koch &#8211; f\u00fcr die Zubereitung eines sizilianischen Mittag- und Abendessens<br \/>\n -Organisation von Hochzeiten, Geburtstage und andere Veranstaltungen in unseren Villen<\/p>\n<p><strong>Besondere Dienstleistungen f\u00fcr unsere Villen und H\u00e4user zum Verkauf auf Sizilien<\/strong><\/p>\n<p>Um Ihnen die Suche nach Ihrem Traumhaus auf Sizilien zu erleichtern, bieten wir Ihnen folgende Dienstleistungen an:<br \/>\n &#8211; Begleitung eines flie\u00dfend Englisch sprechenden Sprechers bei allen Besuchen von zu verkaufenden H\u00e4usern und bei Interviews mit Eigent\u00fcmern, Immobilienmaklern und Technikern.<br \/>\n &#8211; St\u00e4ndige \u00dcberwachung der laufenden Restaurierungs- oder Bauarbeiten w\u00e4hrend Ihrer Abwesenheit.<br \/>\n &#8211; Ein regelm\u00e4\u00dfiger Bericht \u00fcber die laufenden Arbeiten<br \/>\n &#8211; Die \u00dcbersetzung des Kaufvertrags und der notariellen Kaufurkunde des von Ihnen gew\u00e4hlten Hauses<br \/>\n &#8211; Regelm\u00e4\u00dfige Kontrolle Ihrer Unterkunft w\u00e4hrend Ihrer Abwesenheit<br \/>\n &#8211; Organisation von Wartungsdienstleistungen f\u00fcr Ihr Zuhause wie Gartenarbeit, Reinigung usw.<\/p>\n","protected":false},"excerpt":{"rendered":"<p>Zus\u00e4tzliche Leistungen f\u00fcr unsere Villen und Ferienh\u00e4user in Sizilien: Dreamsicilyvillas bietet eine Reihe von zus\u00e4tzlichen Dienstleistungen an Auf Wunsch k\u00f6nnen Sie buchen: -Housekeeping je nach Wunsch -Babysitter (italienisch, franz\u00f6sisch, deutsch und englisch) -Koch &#8211; f\u00fcr die Zubereitung eines sizilianischen Mittag- und Abendessens -Organisation von Hochzeiten, Geburtstage und andere Veranstaltungen in unseren Villen Besondere Dienstleistungen f\u00fcr [&hellip;]<\/p>\n","protected":false},"author":1,"featured_media":0,"parent":0,"menu_order":0,"comment_status":"closed","ping_status":"closed","template":"","meta":{"_aioseo_title":"Dienste \/ Dreamsicilyvillas","_aioseo_description":"","footnotes":""},"class_list":["post-5585","page","type-page","status-publish"],"_links":{"self":[{"href":"https:\/\/www.dreamsicilyvillas.com\/de\/wp-json\/wp\/v2\/pages\/5585","targetHints":{"allow":["GET"]}}],"collection":[{"href":"https:\/\/www.dreamsicilyvillas.com\/de\/wp-json\/wp\/v2\/pages"}],"about":[{"href":"https:\/\/www.dreamsicilyvillas.com\/de\/wp-json\/wp\/v2\/types\/page"}],"author":[{"embeddable":true,"href":"https:\/\/www.dreamsicilyvillas.com\/de\/wp-json\/wp\/v2\/users\/1"}],"replies":[{"embeddable":true,"href":"https:\/\/www.dreamsicilyvillas.com\/de\/wp-json\/wp\/v2\/comments?post=5585"}],"version-history":[{"count":3,"href":"https:\/\/www.dreamsicilyvillas.com\/de\/wp-json\/wp\/v2\/pages\/5585\/revisions"}],"predecessor-version":[{"id":18731,"href":"https:\/\/www.dreamsicilyvillas.com\/de\/wp-json\/wp\/v2\/pages\/5585\/revisions\/18731"}],"wp:attachment":[{"href":"https:\/\/www.dreamsicilyvillas.com\/de\/wp-json\/wp\/v2\/media?parent=5585"}],"curies":[{"name":"wp","href":"https:\/\/api.w.org\/{rel}","templated":true}]}}