{"id":5576,"date":"2012-10-29T11:44:30","date_gmt":"2012-10-29T10:44:30","guid":{"rendered":"http:\/\/www.dreamsicilyvillas.com\/how-to-book\/"},"modified":"2020-09-14T17:40:36","modified_gmt":"2020-09-14T15:40:36","slug":"wie-kann-man-buchen","status":"publish","type":"page","link":"https:\/\/www.dreamsicilyvillas.com\/de\/wie-kann-man-buchen\/","title":{"rendered":"Wie kann man buchen"},"content":{"rendered":"<p>Wollen Sie eine oder mehrere Villen reservieren? Sie brauchen nur \u201eKontakt\u201c zu \u00f6ffnen. Das Formular versehen Sie mit dem Namen der Villa Ihrer Wahl, der Anzahl der Erwachsenen und Kinder, das Alter der Kinder und am Schlu\u00df mit Ihrer pers\u00f6nlichen Anliegen. Sie bekommen unverz\u00fcglich Antwort so k\u00f6nnen etwaige Fragen schnellstens gekl\u00e4rt werden. Nach Vereinbarung der Aufenthaltsdauer und der Leistungen erhalten Sie einen Mietvertrag, den Sie bitte unterschrieben zur\u00fccksenden. Gleichzeitig w\u00e4re eine Anzahlung zu leisten um die Reservierung zu best\u00e4tigen. Nach Empfang der Anzahlung erhalten Sie die Quittung.\u00a0Der Restbetrag wird zwei Wochen vor Anreise per \u00dcberweisung bezahlt.<br \/>\nBei \u00dcbergabe der Schl\u00fcssel werden Sie um eine Kaution von 300 Euro gebeten, die Ihnen bei der Abreise zur\u00fcckerstattet wird<\/p>\n","protected":false},"excerpt":{"rendered":"<p>Wollen Sie eine oder mehrere Villen reservieren? Sie brauchen nur \u201eKontakt\u201c zu \u00f6ffnen. Das Formular versehen Sie mit dem Namen der Villa Ihrer Wahl, der Anzahl der Erwachsenen und Kinder, das Alter der Kinder und am Schlu\u00df mit Ihrer pers\u00f6nlichen Anliegen. Sie bekommen unverz\u00fcglich Antwort so k\u00f6nnen etwaige Fragen schnellstens gekl\u00e4rt werden. Nach Vereinbarung der [&hellip;]<\/p>\n","protected":false},"author":1,"featured_media":0,"parent":0,"menu_order":0,"comment_status":"closed","ping_status":"closed","template":"","meta":{"_aioseo_title":"","_aioseo_description":"","footnotes":""},"class_list":["post-5576","page","type-page","status-publish"],"_links":{"self":[{"href":"https:\/\/www.dreamsicilyvillas.com\/de\/wp-json\/wp\/v2\/pages\/5576","targetHints":{"allow":["GET"]}}],"collection":[{"href":"https:\/\/www.dreamsicilyvillas.com\/de\/wp-json\/wp\/v2\/pages"}],"about":[{"href":"https:\/\/www.dreamsicilyvillas.com\/de\/wp-json\/wp\/v2\/types\/page"}],"author":[{"embeddable":true,"href":"https:\/\/www.dreamsicilyvillas.com\/de\/wp-json\/wp\/v2\/users\/1"}],"replies":[{"embeddable":true,"href":"https:\/\/www.dreamsicilyvillas.com\/de\/wp-json\/wp\/v2\/comments?post=5576"}],"version-history":[{"count":3,"href":"https:\/\/www.dreamsicilyvillas.com\/de\/wp-json\/wp\/v2\/pages\/5576\/revisions"}],"predecessor-version":[{"id":17672,"href":"https:\/\/www.dreamsicilyvillas.com\/de\/wp-json\/wp\/v2\/pages\/5576\/revisions\/17672"}],"wp:attachment":[{"href":"https:\/\/www.dreamsicilyvillas.com\/de\/wp-json\/wp\/v2\/media?parent=5576"}],"curies":[{"name":"wp","href":"https:\/\/api.w.org\/{rel}","templated":true}]}}