{"id":5518,"date":"2012-10-29T09:39:11","date_gmt":"2012-10-29T08:39:11","guid":{"rendered":"http:\/\/www.dreamsicilyvillas.com\/welcome\/"},"modified":"2020-07-10T12:21:56","modified_gmt":"2020-07-10T10:21:56","slug":"willkommen-auf-dreamsicilyvillas-com","status":"publish","type":"page","link":"https:\/\/www.dreamsicilyvillas.com\/de\/","title":{"rendered":"Willkommen auf DreamSicilyVillas.com"},"content":{"rendered":"<p>DreamSiciliyVillas ist eine Auswahl privater Villen, die direkt von ihren Eigent\u00fcmern zur kurzfristigen Vermietung f\u00fcr Touristen vorgeschlagen werden. Sie liegen an einer der sch\u00f6nsten K\u00fcsten Siziliens in der N\u00e4he von Scopello und Castellammare del Golfo mit herrlichem Blick auf den Golf von Castellammare. Die Landschaft und das Naturschutzgebiet lo Zingaro sind atemberaubend sch\u00f6n. Ihre Neugierde wird der idyllische Ort Scopello mit seiner alten Thunfischfangstelle und den majest\u00e4tischen Felsen erwecken. Die lokale K\u00fcche wird auch den anspruchsvollsten Gaumen erfreuen. Seit 25 Jahren lebe ich auf dieser Insel und meine Leidenschaft f\u00fcr Sizilien dr\u00e4ngte mich sie zu besichtigen und zu entdecken. Es wird mir eine gro\u00dfe Freude sein meine Erfahrungen und Vorlieben mit Ihnen zu teilen, soda\u00df Sie einen einzigartigen und unvergesslichen Urlaub erleben k\u00f6nnen.<\/p>\n<p>&nbsp;<\/p>\n","protected":false},"excerpt":{"rendered":"<p>Sch\u00f6ne Privatvillen, Ferienh\u00e4user und Ferienwohnungen in Sizilien zu mieten: mit Pool, am Meer, im Hinterland, mit allem Komfort<\/p>\n","protected":false},"author":1,"featured_media":0,"parent":0,"menu_order":0,"comment_status":"closed","ping_status":"closed","template":"","meta":{"_aioseo_title":"Villen auf Sizilien - Dream Sicily Villas","_aioseo_description":"Sch\u00f6ne Privatvillen, Ferienh\u00e4user und Ferienwohnungen in Sizilien zu mieten: mit Pool, am Meer, im Hinterland, mit allem Komfort\r\n","footnotes":""},"class_list":["post-5518","page","type-page","status-publish"],"_links":{"self":[{"href":"https:\/\/www.dreamsicilyvillas.com\/de\/wp-json\/wp\/v2\/pages\/5518","targetHints":{"allow":["GET"]}}],"collection":[{"href":"https:\/\/www.dreamsicilyvillas.com\/de\/wp-json\/wp\/v2\/pages"}],"about":[{"href":"https:\/\/www.dreamsicilyvillas.com\/de\/wp-json\/wp\/v2\/types\/page"}],"author":[{"embeddable":true,"href":"https:\/\/www.dreamsicilyvillas.com\/de\/wp-json\/wp\/v2\/users\/1"}],"replies":[{"embeddable":true,"href":"https:\/\/www.dreamsicilyvillas.com\/de\/wp-json\/wp\/v2\/comments?post=5518"}],"version-history":[{"count":4,"href":"https:\/\/www.dreamsicilyvillas.com\/de\/wp-json\/wp\/v2\/pages\/5518\/revisions"}],"predecessor-version":[{"id":17520,"href":"https:\/\/www.dreamsicilyvillas.com\/de\/wp-json\/wp\/v2\/pages\/5518\/revisions\/17520"}],"wp:attachment":[{"href":"https:\/\/www.dreamsicilyvillas.com\/de\/wp-json\/wp\/v2\/media?parent=5518"}],"curies":[{"name":"wp","href":"https:\/\/api.w.org\/{rel}","templated":true}]}}