{"id":17989,"date":"2021-01-23T17:19:39","date_gmt":"2021-01-23T16:19:39","guid":{"rendered":"https:\/\/www.dreamsicilyvillas.com\/?page_id=17989"},"modified":"2021-01-23T17:23:11","modified_gmt":"2021-01-23T16:23:11","slug":"17989-2","status":"publish","type":"page","link":"https:\/\/www.dreamsicilyvillas.com\/de\/17989-2\/","title":{"rendered":"Coronavirus-Ratschl\u00e4ge"},"content":{"rendered":"<p>Wir empfehlen Ihnen, eine Reiseversicherung abzuschlie\u00dfen. Es gibt viele Richtlinien, die verschiedene Aspekte des Reisens abdecken. Die aktuelle Situation hat die Aufmerksamkeit vieler Menschen auf die CFAR-Versicherung (Cancel For Any Reason) gelenkt. Wir empfehlen Ihnen, bei der Auswahl einer Richtlinie genau zu pr\u00fcfen, was abgedeckt ist und wie die Allgemeinen Gesch\u00e4ftsbedingungen gelten. Ihre Richtlinie sollte eine Reiser\u00fccktrittsrichtlinie aufgrund von Coronavirus enthalten.<\/p>\n<p>N\u00fctzliche Links:<\/p>\n<p>Websites von Regierungs- und internationalen Beh\u00f6rden:<\/p>\n<p><a href=\"https:\/\/www.gov.uk\/foreign-travel-advice\" target=\"_blank\" rel=\"noopener\">Travel advice from the UK government&#8217;s Foreign and Commonwealth Office (FCO)<\/a><br \/>\n <a href=\"https:\/\/www.cdc.gov\/coronavirus\/2019-ncov\/travelers\/index.html\" target=\"_blank\" rel=\"noopener\">Travel advice from the US government&#8217;s Centers for Disease Control and Prevention (CDC)<\/a><br \/>\n <a href=\"https:\/\/www.smartraveller.gov.au\/\" target=\"_blank\" rel=\"noopener\">Travel advice from the Australian government<\/a><br \/>\n <a href=\"https:\/\/travel.gc.ca\/travelling\/advisories\" target=\"_blank\" rel=\"noopener\">Travel advice from the Canadian government<\/a><br \/>\n <a href=\"https:\/\/ec.europa.eu\/consularprotection\/content\/travel-advice_en\" target=\"_blank\" rel=\"noopener\">Travel advice from the European Commission<\/a>\u00a0<br \/>\n <a href=\"https:\/\/www.who.int\/emergencies\/diseases\/novel-coronavirus-2019\" target=\"_blank\" rel=\"noopener\">The World Health Organization<\/a> (WHO)<\/p>\n<p>&nbsp;<\/p>\n","protected":false},"excerpt":{"rendered":"<p>Wir empfehlen Ihnen, eine Reiseversicherung abzuschlie\u00dfen. Es gibt viele Richtlinien, die verschiedene Aspekte des Reisens abdecken. Die aktuelle Situation hat die Aufmerksamkeit vieler Menschen auf die CFAR-Versicherung (Cancel For Any Reason) gelenkt. Wir empfehlen Ihnen, bei der Auswahl einer Richtlinie genau zu pr\u00fcfen, was abgedeckt ist und wie die Allgemeinen Gesch\u00e4ftsbedingungen gelten. Ihre Richtlinie sollte [&hellip;]<\/p>\n","protected":false},"author":2,"featured_media":0,"parent":0,"menu_order":0,"comment_status":"closed","ping_status":"closed","template":"","meta":{"_aioseo_title":"","_aioseo_description":"","footnotes":""},"class_list":["post-17989","page","type-page","status-publish"],"_links":{"self":[{"href":"https:\/\/www.dreamsicilyvillas.com\/de\/wp-json\/wp\/v2\/pages\/17989","targetHints":{"allow":["GET"]}}],"collection":[{"href":"https:\/\/www.dreamsicilyvillas.com\/de\/wp-json\/wp\/v2\/pages"}],"about":[{"href":"https:\/\/www.dreamsicilyvillas.com\/de\/wp-json\/wp\/v2\/types\/page"}],"author":[{"embeddable":true,"href":"https:\/\/www.dreamsicilyvillas.com\/de\/wp-json\/wp\/v2\/users\/2"}],"replies":[{"embeddable":true,"href":"https:\/\/www.dreamsicilyvillas.com\/de\/wp-json\/wp\/v2\/comments?post=17989"}],"version-history":[{"count":4,"href":"https:\/\/www.dreamsicilyvillas.com\/de\/wp-json\/wp\/v2\/pages\/17989\/revisions"}],"predecessor-version":[{"id":17993,"href":"https:\/\/www.dreamsicilyvillas.com\/de\/wp-json\/wp\/v2\/pages\/17989\/revisions\/17993"}],"wp:attachment":[{"href":"https:\/\/www.dreamsicilyvillas.com\/de\/wp-json\/wp\/v2\/media?parent=17989"}],"curies":[{"name":"wp","href":"https:\/\/api.w.org\/{rel}","templated":true}]}}